{"id":4439,"date":"2021-10-12T16:27:24","date_gmt":"2021-10-12T14:27:24","guid":{"rendered":"http:\/\/dummy.xtemos.com\/woodmart2\/elementor\/?page_id=4439"},"modified":"2024-10-18T04:26:08","modified_gmt":"2024-10-18T03:26:08","slug":"contact","status":"publish","type":"page","link":"https:\/\/kaendz.com\/ar\/contact\/","title":{"rendered":"\u0627\u0644\u0627\u062a\u0635\u0627\u0644"},"content":{"rendered":"<div data-elementor-type=\"wp-page\" data-elementor-id=\"4439\" class=\"elementor elementor-4439\">\n\t\t\t\t\t\t<section class=\"wd-negative-gap elementor-section elementor-top-section elementor-element elementor-element-1c9344a2 elementor-section-boxed elementor-section-height-default elementor-section-height-default\" data-id=\"1c9344a2\" data-element_type=\"section\">\n\t\t\t\t\t\t<div class=\"elementor-container elementor-column-gap-default\">\n\t\t\t\t\t<div class=\"elementor-column elementor-col-50 elementor-top-column elementor-element elementor-element-a4e7846\" data-id=\"a4e7846\" data-element_type=\"column\">\n\t\t\t<div class=\"elementor-widget-wrap elementor-element-populated\">\n\t\t\t\t\t\t<div class=\"elementor-element elementor-element-779d5db5 wd-width-100 elementor-widget elementor-widget-wd_title\" data-id=\"779d5db5\" data-element_type=\"widget\" data-widget_type=\"wd_title.default\">\n\t\t\t\t<div class=\"elementor-widget-container\">\n\t\t\t\t\t<div class=\"title-wrapper set-mb-s reset-last-child wd-title-color-default wd-title-style-default wd-title-size-default text-left\">\n\n\t\t\t\n\t\t\t<div class=\"liner-continer\">\n\t\t\t\t<h4 class=\"woodmart-title-container title wd-fontsize-l\">\u0623\u0633\u0626\u0644\u0629 \u0645\u0643\u0631\u0631\u0629<\/h4> \n\t\t\t\t\t\t\t<\/div>\n\n\t\t\t\t\t<\/div>\n\t\t\t\t<\/div>\n\t\t\t\t<\/div>\n\t\t\t\t<div class=\"elementor-element elementor-element-22ca346 elementor-widget elementor-widget-wd_accordion\" data-id=\"22ca346\" data-element_type=\"widget\" data-widget_type=\"wd_accordion.default\">\n\t\t\t\t<div class=\"elementor-widget-container\">\n\t\t\t\n\t\t<div class=\"wd-accordion wd-style-default\" data-state=\"first\">\n\t\t\t\t\t\t\t\n\t\t\t\t<div class=\"wd-accordion-item\">\n\t\t\t\t\t<div class=\"wd-accordion-title wd-active text-left wd-opener-pos-right\" data-accordion-index=\"0\">\n\t\t\t\t\t\t<div class=\"wd-accordion-title-text\">\n\t\t\t\t\t\t\t\t\t\t\t\t\t\t<span>\n\t\t\t\t\t\t\t\t\u0647\u0644 \u0633\u0623\u062d\u0635\u0644 \u0639\u0644\u0649 \u0646\u0641\u0633 \u0627\u0644\u0645\u0646\u062a\u062c \u0627\u0644\u0630\u064a \u064a\u0638\u0647\u0631 \u0641\u064a \u0627\u0644\u0635\u0648\u0631\u0629\u061f\t\t\t\t\t\t\t<\/span>\n\t\t\t\t\t\t<\/div>\n\t\t\t\t\t\t<span class=\"wd-accordion-opener wd-opener-style-arrow\"><\/span>\n\t\t\t\t\t<\/div>\n\n\t\t\t\t\t<div class=\"wd-accordion-content reset-last-child wd-active\" data-accordion-index=\"0\">\n\t\t\t\t\t\t\t\t\t\t\t\t\t\n\t\t\t\t\t\t\t<p>\u0646\u0639\u0645\u060c \u0646\u062d\u0646 \u0646\u0633\u0639\u0649 \u062c\u0627\u0647\u062f\u064a\u0646 \u0644\u0644\u062a\u0623\u0643\u062f \u0645\u0646 \u0623\u0646 \u0627\u0644\u0645\u0646\u062a\u062c\u0627\u062a \u0627\u0644\u062a\u064a \u062a\u062a\u0644\u0642\u0627\u0647\u0627 \u062a\u062a\u0637\u0627\u0628\u0642 \u0642\u062f\u0631 \u0627\u0644\u0625\u0645\u0643\u0627\u0646 \u0645\u0639 \u062a\u0644\u0643 \u0627\u0644\u062a\u064a \u062a\u0631\u0627\u0647\u0627 \u0641\u064a \u0627\u0644\u0635\u0648\u0631 \u0627\u0644\u0645\u0648\u062c\u0648\u062f\u0629 \u0639\u0644\u0649 \u0645\u0648\u0642\u0639\u0646\u0627.<\/p>\n\t\t\t\t\t\t\t\t\t\t\t\t\t\t\t\t\t\t<\/div>\n\t\t\t\t<\/div>\n\t\t\t\t\t\t\t\n\t\t\t\t<div class=\"wd-accordion-item\">\n\t\t\t\t\t<div class=\"wd-accordion-title text-left wd-opener-pos-right\" data-accordion-index=\"1\">\n\t\t\t\t\t\t<div class=\"wd-accordion-title-text\">\n\t\t\t\t\t\t\t\t\t\t\t\t\t\t<span>\n\t\t\t\t\t\t\t\t\u0643\u064a\u0641 \u064a\u0645\u0643\u0646\u0646\u064a \u0637\u0644\u0628 \u0627\u0644\u0645\u0644\u0627\u0628\u0633 \u0645\u0646 \u0645\u0648\u0642\u0639\u0643\u0645\u061f\t\t\t\t\t\t\t<\/span>\n\t\t\t\t\t\t<\/div>\n\t\t\t\t\t\t<span class=\"wd-accordion-opener wd-opener-style-arrow\"><\/span>\n\t\t\t\t\t<\/div>\n\n\t\t\t\t\t<div class=\"wd-accordion-content reset-last-child\" data-accordion-index=\"1\">\n\t\t\t\t\t\t\t\t\t\t\t\t\t\n\t\t\t\t\t\t\t<p>\u0644\u062a\u0642\u062f\u064a\u0645 \u0637\u0644\u0628\u060c \u0645\u0627 \u0639\u0644\u064a\u0643 \u0633\u0648\u0649 \u062a\u0635\u0641\u062d \u0645\u062c\u0645\u0648\u0639\u0629 \u0627\u0644\u0645\u0644\u0627\u0628\u0633 \u0644\u062f\u064a\u0646\u0627\u060c \u0648\u0627\u062e\u062a\u064a\u0627\u0631 \u0627\u0644\u0639\u0646\u0627\u0635\u0631 \u0627\u0644\u062a\u064a \u062a\u0631\u064a\u062f\u0647\u0627\u060c \u062b\u0645 \u0627\u0646\u0642\u0631 \u0641\u0648\u0642 \"\u0627\u0637\u0644\u0628 \u0627\u0644\u0622\u0646\". \u0628\u0645\u062c\u0631\u062f \u0627\u0644\u0627\u0646\u062a\u0647\u0627\u0621 \u0645\u0646 \u0627\u0644\u062a\u0633\u0648\u0642\u060c \u0627\u062a\u0628\u0639 \u0627\u0644\u062e\u0637\u0648\u0627\u062a \u0644\u0625\u0643\u0645\u0627\u0644 \u0637\u0644\u0628\u0643.<\/p>\n\t\t\t\t\t\t\t\t\t\t\t\t\t\t\t\t\t\t<\/div>\n\t\t\t\t<\/div>\n\t\t\t\t\t\t\t\n\t\t\t\t<div class=\"wd-accordion-item\">\n\t\t\t\t\t<div class=\"wd-accordion-title text-left wd-opener-pos-right\" data-accordion-index=\"2\">\n\t\t\t\t\t\t<div class=\"wd-accordion-title-text\">\n\t\t\t\t\t\t\t\t\t\t\t\t\t\t<span>\n\t\t\t\t\t\t\t\t\u0647\u0644 \u0647\u0646\u0627\u0643 \u0623\u0633\u0639\u0627\u0631 \u0627\u0644\u062a\u0648\u0635\u064a\u0644\u061f\t\t\t\t\t\t\t<\/span>\n\t\t\t\t\t\t<\/div>\n\t\t\t\t\t\t<span class=\"wd-accordion-opener wd-opener-style-arrow\"><\/span>\n\t\t\t\t\t<\/div>\n\n\t\t\t\t\t<div class=\"wd-accordion-content reset-last-child\" data-accordion-index=\"2\">\n\t\t\t\t\t\t\t\t\t\t\t\t\t\n\t\t\t\t\t\t\t<p>\u0646\u0639\u0645\u060c \u0647\u0646\u0627\u0643 \u0631\u0633\u0648\u0645 \u062a\u0648\u0635\u064a\u0644 \u062d\u0633\u0628 \u0645\u0648\u0642\u0639 \u0627\u0644\u062a\u0633\u0644\u064a\u0645 \u0627\u0644\u062e\u0627\u0635 \u0628\u0643. \u0633\u064a\u062a\u0645 \u0639\u0631\u0636 \u0647\u0630\u0647 \u0627\u0644\u0631\u0633\u0648\u0645 \u0641\u064a \u0648\u0642\u062a \u0627\u0644\u0637\u0644\u0628. \u0643\u0645\u0627 \u0646\u0642\u062f\u0645 \u062e\u062f\u0645\u0629 \u0627\u0644\u062a\u0648\u0635\u064a\u0644 \u0627\u0644\u0645\u062c\u0627\u0646\u064a\u0629 \u0644\u0644\u0637\u0644\u0628\u0627\u062a \u0627\u0644\u062a\u064a \u062a\u0632\u064a\u062f \u0642\u064a\u0645\u062a\u0647\u0627 \u0639\u0646 10.000 \u062f\u062c.<\/p>\n\t\t\t\t\t\t\t\t\t\t\t\t\t\t\t\t\t\t<\/div>\n\t\t\t\t<\/div>\n\t\t\t\t\t\t\t\n\t\t\t\t<div class=\"wd-accordion-item\">\n\t\t\t\t\t<div class=\"wd-accordion-title text-left wd-opener-pos-right\" data-accordion-index=\"3\">\n\t\t\t\t\t\t<div class=\"wd-accordion-title-text\">\n\t\t\t\t\t\t\t\t\t\t\t\t\t\t<span>\n\t\t\t\t\t\t\t\t\u0647\u0644 \u062a\u0642\u062f\u0645\u0648\u0646 \u0627\u0644\u0639\u0631\u0648\u0636 \u0627\u0644\u062a\u0631\u0648\u064a\u062c\u064a\u0629 \u0623\u0648 \u200f\u062a\u062e\u0641\u064a\u0636\u0627\u062a\u061f\t\t\t\t\t\t\t<\/span>\n\t\t\t\t\t\t<\/div>\n\t\t\t\t\t\t<span class=\"wd-accordion-opener wd-opener-style-arrow\"><\/span>\n\t\t\t\t\t<\/div>\n\n\t\t\t\t\t<div class=\"wd-accordion-content reset-last-child\" data-accordion-index=\"3\">\n\t\t\t\t\t\t\t\t\t\t\t\t\t\n\t\t\t\t\t\t\t<p>\u0646\u0639\u0645\u060c \u0646\u062d\u0646 \u0646\u0642\u062f\u0645 \u0628\u0627\u0646\u062a\u0638\u0627\u0645 \u0627\u0644\u0639\u0631\u0648\u0636 \u0627\u0644\u062a\u0631\u0648\u064a\u062c\u064a\u0629 \u0648 \u200f\u0627\u0644\u062a\u062e\u0641\u064a\u0636\u0627\u062a. \u062a\u0631\u0642\u0628\u0648\u0627 \u0645\u0648\u0642\u0639\u0646\u0627 \u0644\u0644\u062d\u0635\u0648\u0644 \u0639\u0644\u0649 \u0623\u062d\u062f\u062b \u0627\u0644\u0639\u0631\u0648\u0636 \u0627\u0644\u062e\u0627\u0635\u0629.<\/p>\n\t\t\t\t\t\t\t\t\t\t\t\t\t\t\t\t\t\t<\/div>\n\t\t\t\t<\/div>\n\t\t\t\t\t\t\t\n\t\t\t\t<div class=\"wd-accordion-item\">\n\t\t\t\t\t<div class=\"wd-accordion-title text-left wd-opener-pos-right\" data-accordion-index=\"4\">\n\t\t\t\t\t\t<div class=\"wd-accordion-title-text\">\n\t\t\t\t\t\t\t\t\t\t\t\t\t\t<span>\n\t\t\t\t\t\t\t\t\u0645\u0627 \u0647\u064a \u0645\u0648\u0627\u0639\u064a\u062f \u0627\u0644\u062a\u0633\u0644\u064a\u0645 \u061f\t\t\t\t\t\t\t<\/span>\n\t\t\t\t\t\t<\/div>\n\t\t\t\t\t\t<span class=\"wd-accordion-opener wd-opener-style-arrow\"><\/span>\n\t\t\t\t\t<\/div>\n\n\t\t\t\t\t<div class=\"wd-accordion-content reset-last-child\" data-accordion-index=\"4\">\n\t\t\t\t\t\t\t\t\t\t\t\t\t\n\t\t\t\t\t\t\t<p>\u062a\u062e\u062a\u0644\u0641 \u0623\u0648\u0642\u0627\u062a \u0627\u0644\u062a\u0633\u0644\u064a\u0645 \u062d\u0633\u0628 \u0645\u0648\u0642\u0639\u0643\u060c \u0648\u0644\u0643\u0646 \u0628\u0634\u0643\u0644 \u0639\u0627\u0645 \u064a\u0645\u0643\u0646\u0643 \u062a\u0648\u0642\u0639 \u0627\u0633\u062a\u0644\u0627\u0645 \u0637\u0644\u0628\u0643 \u062e\u0644\u0627\u0644 24-72 \u0633\u0627\u0639\u0629 \u0645\u0646 \u062a\u0623\u0643\u064a\u062f \u0627\u0644\u0637\u0644\u0628.<\/p>\n\t\t\t\t\t\t\t\t\t\t\t\t\t\t\t\t\t\t<\/div>\n\t\t\t\t<\/div>\n\t\t\t\t\t<\/div>\n\t\t\t\t<\/div>\n\t\t\t\t<\/div>\n\t\t\t\t\t<\/div>\n\t\t<\/div>\n\t\t\t\t<div class=\"elementor-column elementor-col-50 elementor-top-column elementor-element elementor-element-41bec3dc\" data-id=\"41bec3dc\" data-element_type=\"column\">\n\t\t\t<div class=\"elementor-widget-wrap elementor-element-populated\">\n\t\t\t\t\t\t<div class=\"elementor-element elementor-element-88ca337 wd-width-100 elementor-widget elementor-widget-wd_title\" data-id=\"88ca337\" data-element_type=\"widget\" data-widget_type=\"wd_title.default\">\n\t\t\t\t<div class=\"elementor-widget-container\">\n\t\t\t\t\t<div class=\"title-wrapper set-mb-s reset-last-child wd-title-color-default wd-title-style-default wd-title-size-default text-left\">\n\n\t\t\t\n\t\t\t<div class=\"liner-continer\">\n\t\t\t\t<h4 class=\"woodmart-title-container title wd-fontsize-l\">\u0627\u062a\u0635\u0644 \u0628\u0646\u0627<\/h4> \n\t\t\t\t\t\t\t<\/div>\n\n\t\t\t\t\t<\/div>\n\t\t\t\t<\/div>\n\t\t\t\t<\/div>\n\t\t\t\t<div class=\"elementor-element elementor-element-5ce0072f elementor-widget elementor-widget-wd_contact_form_7\" data-id=\"5ce0072f\" data-element_type=\"widget\" data-widget_type=\"wd_contact_form_7.default\">\n\t\t\t\t<div class=\"elementor-widget-container\">\n\t\t\t\n<div class=\"wpcf7 no-js\" id=\"wpcf7-f14-o1\" lang=\"fr-FR\" dir=\"ltr\">\n<div class=\"screen-reader-response\"><p role=\"status\" aria-live=\"polite\" aria-atomic=\"true\"><\/p> <ul><\/ul><\/div>\n<form action=\"\/wp-json\/wp\/v2\/pages\/4439\" method=\"post\" class=\"wpcf7-form init\" aria-label=\"Formulaire de contact\" novalidate=\"novalidate\" data-status=\"init\" data-trp-original-action=\"\/ar\/wp-json\/wp\/v2\/pages\/4439#wpcf7-f14-o1\">\n<div style=\"display: none;\">\n<input type=\"hidden\" name=\"_wpcf7\" value=\"14\" \/>\n<input type=\"hidden\" name=\"_wpcf7_version\" value=\"5.9.8\" \/>\n<input type=\"hidden\" name=\"_wpcf7_locale\" value=\"fr_FR\" \/>\n<input type=\"hidden\" name=\"_wpcf7_unit_tag\" value=\"wpcf7-f14-o1\" \/>\n<input type=\"hidden\" name=\"_wpcf7_container_post\" value=\"0\" \/>\n<input type=\"hidden\" name=\"_wpcf7_posted_data_hash\" value=\"\" \/>\n<\/div>\n<p><label> \u0627\u0633\u0645\u0643<br \/>\n<span class=\"wpcf7-form-control-wrap\" data-name=\"your-name\"><input size=\"40\" maxlength=\"400\" class=\"wpcf7-form-control wpcf7-text wpcf7-validates-as-required\" autocomplete=\"name\" aria-required=\"true\" aria-invalid=\"false\" value=\"\" type=\"text\" name=\"your-name\" \/><\/span> <\/label>\n<\/p>\n<p><label> \u0628\u0631\u064a\u062f\u0643 \u0627\u0644\u0625\u0644\u0643\u062a\u0631\u0648\u0646\u064a<br \/>\n<span class=\"wpcf7-form-control-wrap\" data-name=\"your-email\"><input size=\"40\" maxlength=\"400\" class=\"wpcf7-form-control wpcf7-email wpcf7-validates-as-required wpcf7-text wpcf7-validates-as-email\" autocomplete=\"email\" aria-required=\"true\" aria-invalid=\"false\" value=\"\" type=\"email\" name=\"your-email\" \/><\/span> <\/label>\n<\/p>\n<p><label> \u0627\u0644\u0645\u0648\u0636\u0648\u0639<br \/>\n<span class=\"wpcf7-form-control-wrap\" data-name=\"your-subject\"><input size=\"40\" maxlength=\"400\" class=\"wpcf7-form-control wpcf7-text wpcf7-validates-as-required\" aria-required=\"true\" aria-invalid=\"false\" value=\"\" type=\"text\" name=\"your-subject\" \/><\/span> <\/label>\n<\/p>\n<p><label> \u0631\u0633\u0627\u0644\u062a\u0643 (\u0627\u062e\u062a\u064a\u0627\u0631\u064a)<br \/>\n<span class=\"wpcf7-form-control-wrap\" data-name=\"your-message\"><textarea cols=\"40\" rows=\"10\" maxlength=\"2000\" class=\"wpcf7-form-control wpcf7-textarea\" aria-invalid=\"false\" name=\"your-message\"><\/textarea><\/span> <\/label>\n<\/p>\n<p><input class=\"wpcf7-form-control wpcf7-submit has-spinner\" type=\"submit\" value=\"\u200f\u0627\u0631\u0633\u0644\" \/>\n<\/p><div class=\"wpcf7-response-output\" aria-hidden=\"true\"><\/div>\n<input type=\"hidden\" name=\"trp-form-language\" value=\"ar\"\/><\/form>\n<\/div>\n\t\t<\/div>\n\t\t\t\t<\/div>\n\t\t\t\t\t<\/div>\n\t\t<\/div>\n\t\t\t\t\t<\/div>\n\t\t<\/section>\n\t\t\t\t<\/div>","protected":false},"excerpt":{"rendered":"<p>QUESTION FR\u00c9QUENTES Est-ce que je recevrai le m\u00eame produit qui appara\u00eet sur la photo ? Oui, nous nous effor\u00e7ons de<\/p>","protected":false},"author":1,"featured_media":0,"parent":0,"menu_order":0,"comment_status":"closed","ping_status":"closed","template":"","meta":{"footnotes":""},"class_list":["post-4439","page","type-page","status-publish","hentry"],"yoast_head":"<!-- This site is optimized with the Yoast SEO plugin v23.6 - https:\/\/yoast.com\/wordpress\/plugins\/seo\/ -->\n<title>contact - KAEN<\/title>\n<meta name=\"description\" content=\"Contactez-nous chez KAEN pour toute question demande d&#039;information ou collaboration. Notre \u00e9quipe est l\u00e0 pour r\u00e9pondre \u00e0 vos besoins.\" \/>\n<meta name=\"robots\" content=\"index, follow, max-snippet:-1, max-image-preview:large, max-video-preview:-1\" \/>\n<link rel=\"canonical\" href=\"https:\/\/kaendz.com\/ar\/contact\/\" \/>\n<meta property=\"og:locale\" content=\"ar_AR\" \/>\n<meta property=\"og:type\" content=\"article\" \/>\n<meta property=\"og:title\" content=\"contact - KAEN\" \/>\n<meta property=\"og:description\" content=\"Contactez-nous chez KAEN pour toute question demande d&#039;information ou collaboration. Notre \u00e9quipe est l\u00e0 pour r\u00e9pondre \u00e0 vos besoins.\" \/>\n<meta property=\"og:url\" content=\"https:\/\/kaendz.com\/ar\/contact\/\" \/>\n<meta property=\"og:site_name\" content=\"KAEN\" \/>\n<meta property=\"article:publisher\" content=\"https:\/\/www.facebook.com\/lateulierkn\/\" \/>\n<meta property=\"article:modified_time\" content=\"2024-10-18T03:26:08+00:00\" \/>\n<meta property=\"og:image\" content=\"https:\/\/kaendz.com\/wp-content\/uploads\/2024\/10\/IMG_6230.jpg\" \/>\n\t<meta property=\"og:image:width\" content=\"2048\" \/>\n\t<meta property=\"og:image:height\" content=\"1024\" \/>\n\t<meta property=\"og:image:type\" content=\"image\/jpeg\" \/>\n<meta name=\"twitter:card\" content=\"summary_large_image\" \/>\n<meta name=\"twitter:label1\" content=\"\u0648\u0642\u062a \u0627\u0644\u0642\u0631\u0627\u0621\u0629 \u0627\u0644\u0645\u064f\u0642\u062f\u0651\u0631\" \/>\n\t<meta name=\"twitter:data1\" content=\"\u062f\u0642\u064a\u0642\u062a\u0627\u0646\" \/>\n<script type=\"application\/ld+json\" class=\"yoast-schema-graph\">{\"@context\":\"https:\/\/schema.org\",\"@graph\":[{\"@type\":\"WebPage\",\"@id\":\"https:\/\/kaendz.com\/contact\/\",\"url\":\"https:\/\/kaendz.com\/contact\/\",\"name\":\"contact - KAEN\",\"isPartOf\":{\"@id\":\"https:\/\/kaendz.com\/#website\"},\"datePublished\":\"2021-10-12T14:27:24+00:00\",\"dateModified\":\"2024-10-18T03:26:08+00:00\",\"description\":\"Contactez-nous chez KAEN pour toute question demande d'information ou collaboration. Notre \u00e9quipe est l\u00e0 pour r\u00e9pondre \u00e0 vos besoins.\",\"breadcrumb\":{\"@id\":\"https:\/\/kaendz.com\/contact\/#breadcrumb\"},\"inLanguage\":\"ar\",\"potentialAction\":[{\"@type\":\"ReadAction\",\"target\":[\"https:\/\/kaendz.com\/contact\/\"]}]},{\"@type\":\"BreadcrumbList\",\"@id\":\"https:\/\/kaendz.com\/contact\/#breadcrumb\",\"itemListElement\":[{\"@type\":\"ListItem\",\"position\":1,\"name\":\"Accueil\",\"item\":\"https:\/\/kaendz.com\/\"},{\"@type\":\"ListItem\",\"position\":2,\"name\":\"Contact\"}]},{\"@type\":\"WebSite\",\"@id\":\"https:\/\/kaendz.com\/#website\",\"url\":\"https:\/\/kaendz.com\/\",\"name\":\"KAEN\",\"description\":\"BOUTIQUE OFFICIELLE\",\"publisher\":{\"@id\":\"https:\/\/kaendz.com\/#organization\"},\"alternateName\":\"KAEN\",\"potentialAction\":[{\"@type\":\"SearchAction\",\"target\":{\"@type\":\"EntryPoint\",\"urlTemplate\":\"https:\/\/kaendz.com\/?s={search_term_string}\"},\"query-input\":{\"@type\":\"PropertyValueSpecification\",\"valueRequired\":true,\"valueName\":\"search_term_string\"}}],\"inLanguage\":\"ar\"},{\"@type\":\"Organization\",\"@id\":\"https:\/\/kaendz.com\/#organization\",\"name\":\"KAEN\",\"alternateName\":\"KAEN\",\"url\":\"https:\/\/kaendz.com\/\",\"logo\":{\"@type\":\"ImageObject\",\"inLanguage\":\"ar\",\"@id\":\"https:\/\/kaendz.com\/#\/schema\/logo\/image\/\",\"url\":\"https:\/\/kaendz.com\/wp-content\/uploads\/2024\/10\/Blue-White-Gradient-Modern-Minimalist-Before-After-Dental-Clinic-Service-Treatment-Instagram-Post.png\",\"contentUrl\":\"https:\/\/kaendz.com\/wp-content\/uploads\/2024\/10\/Blue-White-Gradient-Modern-Minimalist-Before-After-Dental-Clinic-Service-Treatment-Instagram-Post.png\",\"width\":1080,\"height\":1080,\"caption\":\"KAEN\"},\"image\":{\"@id\":\"https:\/\/kaendz.com\/#\/schema\/logo\/image\/\"},\"sameAs\":[\"https:\/\/www.facebook.com\/lateulierkn\/\",\"https:\/\/www.instagram.com\/lateulier_kn_dz\/\",\"https:\/\/www.tiktok.com\/discover\/lateulier-kn?lang=fr\"]}]}<\/script>\n<!-- \/ Yoast SEO plugin. -->","yoast_head_json":{"title":"contact - KAEN","description":"Contactez-nous chez KAEN pour toute question demande d'information ou collaboration. Notre \u00e9quipe est l\u00e0 pour r\u00e9pondre \u00e0 vos besoins.","robots":{"index":"index","follow":"follow","max-snippet":"max-snippet:-1","max-image-preview":"max-image-preview:large","max-video-preview":"max-video-preview:-1"},"canonical":"https:\/\/kaendz.com\/ar\/contact\/","og_locale":"ar_AR","og_type":"article","og_title":"contact - KAEN","og_description":"Contactez-nous chez KAEN pour toute question demande d'information ou collaboration. Notre \u00e9quipe est l\u00e0 pour r\u00e9pondre \u00e0 vos besoins.","og_url":"https:\/\/kaendz.com\/ar\/contact\/","og_site_name":"KAEN","article_publisher":"https:\/\/www.facebook.com\/lateulierkn\/","article_modified_time":"2024-10-18T03:26:08+00:00","og_image":[{"width":2048,"height":1024,"url":"https:\/\/kaendz.com\/wp-content\/uploads\/2024\/10\/IMG_6230.jpg","type":"image\/jpeg"}],"twitter_card":"summary_large_image","twitter_misc":{"\u0648\u0642\u062a \u0627\u0644\u0642\u0631\u0627\u0621\u0629 \u0627\u0644\u0645\u064f\u0642\u062f\u0651\u0631":"\u062f\u0642\u064a\u0642\u062a\u0627\u0646"},"schema":{"@context":"https:\/\/schema.org","@graph":[{"@type":"WebPage","@id":"https:\/\/kaendz.com\/contact\/","url":"https:\/\/kaendz.com\/contact\/","name":"contact - KAEN","isPartOf":{"@id":"https:\/\/kaendz.com\/#website"},"datePublished":"2021-10-12T14:27:24+00:00","dateModified":"2024-10-18T03:26:08+00:00","description":"Contactez-nous chez KAEN pour toute question demande d'information ou collaboration. Notre \u00e9quipe est l\u00e0 pour r\u00e9pondre \u00e0 vos besoins.","breadcrumb":{"@id":"https:\/\/kaendz.com\/contact\/#breadcrumb"},"inLanguage":"ar","potentialAction":[{"@type":"ReadAction","target":["https:\/\/kaendz.com\/contact\/"]}]},{"@type":"BreadcrumbList","@id":"https:\/\/kaendz.com\/contact\/#breadcrumb","itemListElement":[{"@type":"ListItem","position":1,"name":"Accueil","item":"https:\/\/kaendz.com\/"},{"@type":"ListItem","position":2,"name":"Contact"}]},{"@type":"WebSite","@id":"https:\/\/kaendz.com\/#website","url":"https:\/\/kaendz.com\/","name":"KAEN","description":"BOUTIQUE OFFICIELLE","publisher":{"@id":"https:\/\/kaendz.com\/#organization"},"alternateName":"KAEN","potentialAction":[{"@type":"SearchAction","target":{"@type":"EntryPoint","urlTemplate":"https:\/\/kaendz.com\/?s={search_term_string}"},"query-input":{"@type":"PropertyValueSpecification","valueRequired":true,"valueName":"search_term_string"}}],"inLanguage":"ar"},{"@type":"Organization","@id":"https:\/\/kaendz.com\/#organization","name":"KAEN","alternateName":"KAEN","url":"https:\/\/kaendz.com\/","logo":{"@type":"ImageObject","inLanguage":"ar","@id":"https:\/\/kaendz.com\/#\/schema\/logo\/image\/","url":"https:\/\/kaendz.com\/wp-content\/uploads\/2024\/10\/Blue-White-Gradient-Modern-Minimalist-Before-After-Dental-Clinic-Service-Treatment-Instagram-Post.png","contentUrl":"https:\/\/kaendz.com\/wp-content\/uploads\/2024\/10\/Blue-White-Gradient-Modern-Minimalist-Before-After-Dental-Clinic-Service-Treatment-Instagram-Post.png","width":1080,"height":1080,"caption":"KAEN"},"image":{"@id":"https:\/\/kaendz.com\/#\/schema\/logo\/image\/"},"sameAs":["https:\/\/www.facebook.com\/lateulierkn\/","https:\/\/www.instagram.com\/lateulier_kn_dz\/","https:\/\/www.tiktok.com\/discover\/lateulier-kn?lang=fr"]}]}},"_links":{"self":[{"href":"https:\/\/kaendz.com\/ar\/wp-json\/wp\/v2\/pages\/4439"}],"collection":[{"href":"https:\/\/kaendz.com\/ar\/wp-json\/wp\/v2\/pages"}],"about":[{"href":"https:\/\/kaendz.com\/ar\/wp-json\/wp\/v2\/types\/page"}],"author":[{"embeddable":true,"href":"https:\/\/kaendz.com\/ar\/wp-json\/wp\/v2\/users\/1"}],"replies":[{"embeddable":true,"href":"https:\/\/kaendz.com\/ar\/wp-json\/wp\/v2\/comments?post=4439"}],"version-history":[{"count":21,"href":"https:\/\/kaendz.com\/ar\/wp-json\/wp\/v2\/pages\/4439\/revisions"}],"predecessor-version":[{"id":18293,"href":"https:\/\/kaendz.com\/ar\/wp-json\/wp\/v2\/pages\/4439\/revisions\/18293"}],"wp:attachment":[{"href":"https:\/\/kaendz.com\/ar\/wp-json\/wp\/v2\/media?parent=4439"}],"curies":[{"name":"wp","href":"https:\/\/api.w.org\/{rel}","templated":true}]}}