{"id":4400,"date":"2021-10-12T15:51:09","date_gmt":"2021-10-12T13:51:09","guid":{"rendered":"http:\/\/dummy.xtemos.com\/woodmart2\/elementor\/?page_id=4400"},"modified":"2024-10-12T19:17:00","modified_gmt":"2024-10-12T18:17:00","slug":"a-propos","status":"publish","type":"page","link":"https:\/\/kaendz.com\/ar\/a-propos\/","title":{"rendered":"\u0641\u064a\u0645\u0627 \u064a\u062a\u0639\u0644\u0642"},"content":{"rendered":"<div data-elementor-type=\"wp-page\" data-elementor-id=\"4400\" class=\"elementor elementor-4400\">\n\t\t\t\t\t\t<section class=\"wd-negative-gap elementor-section elementor-top-section elementor-element elementor-element-3c548bca elementor-reverse-tablet elementor-reverse-mobile elementor-section-boxed elementor-section-height-default elementor-section-height-default\" data-id=\"3c548bca\" data-element_type=\"section\">\n\t\t\t\t\t\t<div class=\"elementor-container elementor-column-gap-default\">\n\t\t\t\t\t<div class=\"elementor-column elementor-col-50 elementor-top-column elementor-element elementor-element-1d354ed7\" data-id=\"1d354ed7\" data-element_type=\"column\">\n\t\t\t<div class=\"elementor-widget-wrap elementor-element-populated\">\n\t\t\t\t\t\t<div class=\"elementor-element elementor-element-3b8f1c6 elementor-widget elementor-widget-wd_image_or_svg\" data-id=\"3b8f1c6\" data-element_type=\"widget\" data-widget_type=\"wd_image_or_svg.default\">\n\t\t\t\t<div class=\"elementor-widget-container\">\n\t\t\t\n\t\t<div class=\"wd-image text-left photoswipe-images\">\n\t\t\t\t\t\t\t<a  href=\"https:\/\/kaendz.com\/wp-content\/uploads\/2023\/10\/lateulier_kn_279162491_348336447326985_7654125378861565668_n-1.jpg\"data-width=\"1440\" data-height=\"1440\" data-elementor-open-lightbox=\"no\" aria-label=\"Image link\">\n\t\t\t\t\t\t\t\t<img fetchpriority=\"high\" decoding=\"async\" width=\"1440\" height=\"1440\" src=\"https:\/\/kaendz.com\/wp-content\/uploads\/2023\/10\/lateulier_kn_279162491_348336447326985_7654125378861565668_n-1.jpg\" class=\"attachment-full size-full\" alt=\"\" srcset=\"https:\/\/kaendz.com\/wp-content\/uploads\/2023\/10\/lateulier_kn_279162491_348336447326985_7654125378861565668_n-1.jpg 1440w, https:\/\/kaendz.com\/wp-content\/uploads\/2023\/10\/lateulier_kn_279162491_348336447326985_7654125378861565668_n-1-100x100.jpg 100w, https:\/\/kaendz.com\/wp-content\/uploads\/2023\/10\/lateulier_kn_279162491_348336447326985_7654125378861565668_n-1-800x800.jpg 800w, https:\/\/kaendz.com\/wp-content\/uploads\/2023\/10\/lateulier_kn_279162491_348336447326985_7654125378861565668_n-1-700x700.jpg 700w, https:\/\/kaendz.com\/wp-content\/uploads\/2023\/10\/lateulier_kn_279162491_348336447326985_7654125378861565668_n-1-300x300.jpg 300w, https:\/\/kaendz.com\/wp-content\/uploads\/2023\/10\/lateulier_kn_279162491_348336447326985_7654125378861565668_n-1-150x150.jpg 150w, https:\/\/kaendz.com\/wp-content\/uploads\/2023\/10\/lateulier_kn_279162491_348336447326985_7654125378861565668_n-1-768x768.jpg 768w, https:\/\/kaendz.com\/wp-content\/uploads\/2023\/10\/lateulier_kn_279162491_348336447326985_7654125378861565668_n-1-860x860.jpg 860w\" sizes=\"(max-width: 1440px) 100vw, 1440px\" \/>\t\t\t\t\t\t\t<\/a>\n\t\t\t\t\t<\/div>\n\n\t\t\t\t<\/div>\n\t\t\t\t<\/div>\n\t\t\t\t\t<\/div>\n\t\t<\/div>\n\t\t\t\t<div class=\"elementor-column elementor-col-50 elementor-top-column elementor-element elementor-element-7a9daa7\" data-id=\"7a9daa7\" data-element_type=\"column\">\n\t\t\t<div class=\"elementor-widget-wrap elementor-element-populated\">\n\t\t\t\t\t\t<div class=\"elementor-element elementor-element-18566191 wd-width-100 elementor-widget elementor-widget-wd_title\" data-id=\"18566191\" data-element_type=\"widget\" data-widget_type=\"wd_title.default\">\n\t\t\t\t<div class=\"elementor-widget-container\">\n\t\t\t\t\t<div class=\"title-wrapper set-mb-s reset-last-child wd-title-color-primary wd-title-style-default wd-title-size-large text-left\">\n\n\t\t\t\n\t\t\t<div class=\"liner-continer\">\n\t\t\t\t<h4 class=\"woodmart-title-container title wd-fontsize-xxl\">KAEN<\/h4> \n\t\t\t\t\t\t\t<\/div>\n\n\t\t\t\t\t<\/div>\n\t\t\t\t<\/div>\n\t\t\t\t<\/div>\n\t\t\t\t<div class=\"elementor-element elementor-element-cf34ae6 elementor-widget elementor-widget-wd_text_block\" data-id=\"cf34ae6\" data-element_type=\"widget\" data-widget_type=\"wd_text_block.default\">\n\t\t\t\t<div class=\"elementor-widget-container\">\n\t\t\t\t\t<div class=\"wd-text-block reset-last-child text-left\">\n\t\t\t\n\t\t\t<p class=\"p1\">KAEN\u200b est une marque Alg\u00e9rienne de pr\u00eat \u00e0 porter pour femme, cr\u00e9e par une styliste mod\u00e9liste passionn\u00e9e et sa maman, une mod\u00e9liste exp\u00e9riment\u00e9e et d\u00e9vou\u00e9e \u00e0 son m\u00e9tier.<\/p><p class=\"p1\">Les points forts de KAEN\u200b sont ses collections ind\u00e9modables et son style bien particulier, inspir\u00e9e de diff\u00e9rents looks.<span class=\"Apple-converted-space\">\u00a0 <\/span>\u0648\u0628\u0627\u0644\u062a\u0627\u0644\u064a \u0645\u062d\u0627\u0648\u0644\u0629 \u0644\u0645\u0633 \u0645\u062e\u062a\u0644\u0641 \u0627\u0644\u0623\u0646\u0645\u0627\u0637 \u0648\u0627\u0644\u0623\u0630\u0648\u0627\u0642.\u00a0<\/p><p class=\"p1\">\u064a\u062a\u0645 \u0627\u062e\u062a\u064a\u0627\u0631 \u0645\u0632\u064a\u062c \u0645\u0646 \u0627\u0644\u0642\u0648\u0627\u0645 \u0648\u0627\u0644\u0623\u0644\u0648\u0627\u0646 \u0648\u0627\u0644\u0645\u0648\u0627\u062f \u0628\u0634\u0643\u0644 \u062c\u064a\u062f \u0644\u0643\u0644 \u0645\u062c\u0645\u0648\u0639\u0629. \u0645\u0645\u0627 \u064a\u062c\u0639\u0644 \u0643\u0644 \u0648\u0627\u062d\u062f\u0629 \u0623\u0643\u062b\u0631 \u062e\u0635\u0648\u0635\u064a\u0629 \u0645\u0646 \u0627\u0644\u0633\u0627\u0628\u0642\u0629.\u00a0<\/p><p class=\"p1\">\u0644\u0642\u062f \u0635\u0645\u0645\u062a\u0647\u0627 \u0623\u0646\u0627 \u0648\u0635\u0646\u0639\u062a\u0647\u0627 \u0648\u0627\u0644\u062f\u062a\u064a \u0627\u0644\u0639\u0632\u064a\u0632\u0629 \u0648\u063a\u064a\u0631\u0647\u0627 \u0645\u0646 \u0627\u0644\u062e\u064a\u0627\u0637\u0627\u062a \u0627\u0644\u0645\u0648\u0647\u0648\u0628\u0627\u062a \u0627\u0644\u0644\u0627\u062a\u064a \u0646\u0634\u0643\u0644 \u0645\u0639\u0647\u0646 \u0641\u0631\u064a\u0642\u064b\u0627 \u0642\u0648\u064a\u064b\u0627 \u0648\u0645\u062a\u0637\u0644\u0628\u064b\u0627 \u0645\u0646 \u0623\u062c\u0644 \u062a\u0644\u0628\u064a\u0629 \u062a\u0648\u0642\u0639\u0627\u062a \u0639\u0645\u0644\u0627\u0626\u0646\u0627 \u0627\u0644\u0623\u0639\u0632\u0627\u0621 \u0628\u0634\u0643\u0644 \u0635\u062d\u064a\u062d.<\/p><p class=\"p1\">Notre priorit\u00e9 est votre satisfaction, notre vocation est d\u2019\u00eatre UNIQUE.\u00a0<\/p><p class=\"p1\">KAEN\u200b n\u2019est pas une simple marque de v\u00eatement, c'est un parcours charg\u00e9 de sacrifices et garni par des retours satisfaisants de nos clientes.<\/p>\n\t\t\t\t\t<\/div>\n\t\t\t\t<\/div>\n\t\t\t\t<\/div>\n\t\t\t\t\t<\/div>\n\t\t<\/div>\n\t\t\t\t\t<\/div>\n\t\t<\/section>\n\t\t\t\t<\/div>","protected":false},"excerpt":{"rendered":"<p>KAEN KAEN\u200b est une marque Alg\u00e9rienne de pr\u00eat \u00e0 porter pour femme, cr\u00e9e par une styliste mod\u00e9liste passionn\u00e9e et sa<\/p>","protected":false},"author":1,"featured_media":0,"parent":0,"menu_order":0,"comment_status":"closed","ping_status":"closed","template":"","meta":{"footnotes":""},"class_list":["post-4400","page","type-page","status-publish","hentry"],"yoast_head":"<!-- This site is optimized with the Yoast SEO plugin v23.6 - https:\/\/yoast.com\/wordpress\/plugins\/seo\/ -->\n<title>\u00c0 Propos - LATEULIER KN<\/title>\n<meta name=\"description\" content=\"D\u00e9couvrez qui nous sommes et ce qui nous motive. Notre page &#039;\u00c0 Propos&#039; est le lieu o\u00f9 nous partageons notre histoire, mission et nos valeurs.\" \/>\n<meta name=\"robots\" content=\"index, follow, max-snippet:-1, max-image-preview:large, max-video-preview:-1\" \/>\n<link rel=\"canonical\" href=\"https:\/\/kaendz.com\/ar\/a-propos\/\" \/>\n<meta property=\"og:locale\" content=\"ar_AR\" \/>\n<meta property=\"og:type\" content=\"article\" \/>\n<meta property=\"og:title\" content=\"\u00c0 Propos - LATEULIER KN\" \/>\n<meta property=\"og:description\" content=\"D\u00e9couvrez qui nous sommes et ce qui nous motive. Notre page &#039;\u00c0 Propos&#039; est le lieu o\u00f9 nous partageons notre histoire, mission et nos valeurs.\" \/>\n<meta property=\"og:url\" content=\"https:\/\/kaendz.com\/ar\/a-propos\/\" \/>\n<meta property=\"og:site_name\" content=\"KAEN\" \/>\n<meta property=\"article:publisher\" content=\"https:\/\/www.facebook.com\/lateulierkn\/\" \/>\n<meta property=\"article:modified_time\" content=\"2024-10-12T18:17:00+00:00\" \/>\n<meta property=\"og:image\" content=\"https:\/\/kaendz.com\/wp-content\/uploads\/2023\/10\/lateulier_kn_279162491_348336447326985_7654125378861565668_n-1.jpg\" \/>\n<meta name=\"twitter:card\" content=\"summary_large_image\" \/>\n<meta name=\"twitter:label1\" content=\"\u0648\u0642\u062a \u0627\u0644\u0642\u0631\u0627\u0621\u0629 \u0627\u0644\u0645\u064f\u0642\u062f\u0651\u0631\" \/>\n\t<meta name=\"twitter:data1\" content=\"\u062f\u0642\u064a\u0642\u0629 \u0648\u0627\u062d\u062f\u0629\" \/>\n<script type=\"application\/ld+json\" class=\"yoast-schema-graph\">{\"@context\":\"https:\/\/schema.org\",\"@graph\":[{\"@type\":\"WebPage\",\"@id\":\"https:\/\/kaendz.com\/a-propos\/\",\"url\":\"https:\/\/kaendz.com\/a-propos\/\",\"name\":\"\u00c0 Propos - LATEULIER KN\",\"isPartOf\":{\"@id\":\"https:\/\/kaendz.com\/#website\"},\"primaryImageOfPage\":{\"@id\":\"https:\/\/kaendz.com\/a-propos\/#primaryimage\"},\"image\":{\"@id\":\"https:\/\/kaendz.com\/a-propos\/#primaryimage\"},\"thumbnailUrl\":\"https:\/\/kaendz.com\/wp-content\/uploads\/2023\/10\/lateulier_kn_279162491_348336447326985_7654125378861565668_n-1.jpg\",\"datePublished\":\"2021-10-12T13:51:09+00:00\",\"dateModified\":\"2024-10-12T18:17:00+00:00\",\"description\":\"D\u00e9couvrez qui nous sommes et ce qui nous motive. Notre page '\u00c0 Propos' est le lieu o\u00f9 nous partageons notre histoire, mission et nos valeurs.\",\"breadcrumb\":{\"@id\":\"https:\/\/kaendz.com\/a-propos\/#breadcrumb\"},\"inLanguage\":\"ar\",\"potentialAction\":[{\"@type\":\"ReadAction\",\"target\":[\"https:\/\/kaendz.com\/a-propos\/\"]}]},{\"@type\":\"ImageObject\",\"inLanguage\":\"ar\",\"@id\":\"https:\/\/kaendz.com\/a-propos\/#primaryimage\",\"url\":\"https:\/\/kaendz.com\/wp-content\/uploads\/2023\/10\/lateulier_kn_279162491_348336447326985_7654125378861565668_n-1.jpg\",\"contentUrl\":\"https:\/\/kaendz.com\/wp-content\/uploads\/2023\/10\/lateulier_kn_279162491_348336447326985_7654125378861565668_n-1.jpg\"},{\"@type\":\"BreadcrumbList\",\"@id\":\"https:\/\/kaendz.com\/a-propos\/#breadcrumb\",\"itemListElement\":[{\"@type\":\"ListItem\",\"position\":1,\"name\":\"Accueil\",\"item\":\"https:\/\/kaendz.com\/\"},{\"@type\":\"ListItem\",\"position\":2,\"name\":\"\u00c0 Propos\"}]},{\"@type\":\"WebSite\",\"@id\":\"https:\/\/kaendz.com\/#website\",\"url\":\"https:\/\/kaendz.com\/\",\"name\":\"KAEN\",\"description\":\"BOUTIQUE OFFICIELLE\",\"publisher\":{\"@id\":\"https:\/\/kaendz.com\/#organization\"},\"alternateName\":\"KAEN\",\"potentialAction\":[{\"@type\":\"SearchAction\",\"target\":{\"@type\":\"EntryPoint\",\"urlTemplate\":\"https:\/\/kaendz.com\/?s={search_term_string}\"},\"query-input\":{\"@type\":\"PropertyValueSpecification\",\"valueRequired\":true,\"valueName\":\"search_term_string\"}}],\"inLanguage\":\"ar\"},{\"@type\":\"Organization\",\"@id\":\"https:\/\/kaendz.com\/#organization\",\"name\":\"KAEN\",\"alternateName\":\"KAEN\",\"url\":\"https:\/\/kaendz.com\/\",\"logo\":{\"@type\":\"ImageObject\",\"inLanguage\":\"ar\",\"@id\":\"https:\/\/kaendz.com\/#\/schema\/logo\/image\/\",\"url\":\"https:\/\/kaendz.com\/wp-content\/uploads\/2024\/10\/Blue-White-Gradient-Modern-Minimalist-Before-After-Dental-Clinic-Service-Treatment-Instagram-Post.png\",\"contentUrl\":\"https:\/\/kaendz.com\/wp-content\/uploads\/2024\/10\/Blue-White-Gradient-Modern-Minimalist-Before-After-Dental-Clinic-Service-Treatment-Instagram-Post.png\",\"width\":1080,\"height\":1080,\"caption\":\"KAEN\"},\"image\":{\"@id\":\"https:\/\/kaendz.com\/#\/schema\/logo\/image\/\"},\"sameAs\":[\"https:\/\/www.facebook.com\/lateulierkn\/\",\"https:\/\/www.instagram.com\/lateulier_kn_dz\/\",\"https:\/\/www.tiktok.com\/discover\/lateulier-kn?lang=fr\"]}]}<\/script>\n<!-- \/ Yoast SEO plugin. -->","yoast_head_json":{"title":"\u00c0 Propos - LATEULIER KN","description":"D\u00e9couvrez qui nous sommes et ce qui nous motive. Notre page '\u00c0 Propos' est le lieu o\u00f9 nous partageons notre histoire, mission et nos valeurs.","robots":{"index":"index","follow":"follow","max-snippet":"max-snippet:-1","max-image-preview":"max-image-preview:large","max-video-preview":"max-video-preview:-1"},"canonical":"https:\/\/kaendz.com\/ar\/a-propos\/","og_locale":"ar_AR","og_type":"article","og_title":"\u00c0 Propos - LATEULIER KN","og_description":"D\u00e9couvrez qui nous sommes et ce qui nous motive. Notre page '\u00c0 Propos' est le lieu o\u00f9 nous partageons notre histoire, mission et nos valeurs.","og_url":"https:\/\/kaendz.com\/ar\/a-propos\/","og_site_name":"KAEN","article_publisher":"https:\/\/www.facebook.com\/lateulierkn\/","article_modified_time":"2024-10-12T18:17:00+00:00","og_image":[{"url":"https:\/\/kaendz.com\/wp-content\/uploads\/2023\/10\/lateulier_kn_279162491_348336447326985_7654125378861565668_n-1.jpg"}],"twitter_card":"summary_large_image","twitter_misc":{"\u0648\u0642\u062a \u0627\u0644\u0642\u0631\u0627\u0621\u0629 \u0627\u0644\u0645\u064f\u0642\u062f\u0651\u0631":"\u062f\u0642\u064a\u0642\u0629 \u0648\u0627\u062d\u062f\u0629"},"schema":{"@context":"https:\/\/schema.org","@graph":[{"@type":"WebPage","@id":"https:\/\/kaendz.com\/a-propos\/","url":"https:\/\/kaendz.com\/a-propos\/","name":"\u00c0 Propos - LATEULIER KN","isPartOf":{"@id":"https:\/\/kaendz.com\/#website"},"primaryImageOfPage":{"@id":"https:\/\/kaendz.com\/a-propos\/#primaryimage"},"image":{"@id":"https:\/\/kaendz.com\/a-propos\/#primaryimage"},"thumbnailUrl":"https:\/\/kaendz.com\/wp-content\/uploads\/2023\/10\/lateulier_kn_279162491_348336447326985_7654125378861565668_n-1.jpg","datePublished":"2021-10-12T13:51:09+00:00","dateModified":"2024-10-12T18:17:00+00:00","description":"D\u00e9couvrez qui nous sommes et ce qui nous motive. Notre page '\u00c0 Propos' est le lieu o\u00f9 nous partageons notre histoire, mission et nos valeurs.","breadcrumb":{"@id":"https:\/\/kaendz.com\/a-propos\/#breadcrumb"},"inLanguage":"ar","potentialAction":[{"@type":"ReadAction","target":["https:\/\/kaendz.com\/a-propos\/"]}]},{"@type":"ImageObject","inLanguage":"ar","@id":"https:\/\/kaendz.com\/a-propos\/#primaryimage","url":"https:\/\/kaendz.com\/wp-content\/uploads\/2023\/10\/lateulier_kn_279162491_348336447326985_7654125378861565668_n-1.jpg","contentUrl":"https:\/\/kaendz.com\/wp-content\/uploads\/2023\/10\/lateulier_kn_279162491_348336447326985_7654125378861565668_n-1.jpg"},{"@type":"BreadcrumbList","@id":"https:\/\/kaendz.com\/a-propos\/#breadcrumb","itemListElement":[{"@type":"ListItem","position":1,"name":"Accueil","item":"https:\/\/kaendz.com\/"},{"@type":"ListItem","position":2,"name":"\u00c0 Propos"}]},{"@type":"WebSite","@id":"https:\/\/kaendz.com\/#website","url":"https:\/\/kaendz.com\/","name":"KAEN","description":"BOUTIQUE OFFICIELLE","publisher":{"@id":"https:\/\/kaendz.com\/#organization"},"alternateName":"KAEN","potentialAction":[{"@type":"SearchAction","target":{"@type":"EntryPoint","urlTemplate":"https:\/\/kaendz.com\/?s={search_term_string}"},"query-input":{"@type":"PropertyValueSpecification","valueRequired":true,"valueName":"search_term_string"}}],"inLanguage":"ar"},{"@type":"Organization","@id":"https:\/\/kaendz.com\/#organization","name":"KAEN","alternateName":"KAEN","url":"https:\/\/kaendz.com\/","logo":{"@type":"ImageObject","inLanguage":"ar","@id":"https:\/\/kaendz.com\/#\/schema\/logo\/image\/","url":"https:\/\/kaendz.com\/wp-content\/uploads\/2024\/10\/Blue-White-Gradient-Modern-Minimalist-Before-After-Dental-Clinic-Service-Treatment-Instagram-Post.png","contentUrl":"https:\/\/kaendz.com\/wp-content\/uploads\/2024\/10\/Blue-White-Gradient-Modern-Minimalist-Before-After-Dental-Clinic-Service-Treatment-Instagram-Post.png","width":1080,"height":1080,"caption":"KAEN"},"image":{"@id":"https:\/\/kaendz.com\/#\/schema\/logo\/image\/"},"sameAs":["https:\/\/www.facebook.com\/lateulierkn\/","https:\/\/www.instagram.com\/lateulier_kn_dz\/","https:\/\/www.tiktok.com\/discover\/lateulier-kn?lang=fr"]}]}},"_links":{"self":[{"href":"https:\/\/kaendz.com\/ar\/wp-json\/wp\/v2\/pages\/4400"}],"collection":[{"href":"https:\/\/kaendz.com\/ar\/wp-json\/wp\/v2\/pages"}],"about":[{"href":"https:\/\/kaendz.com\/ar\/wp-json\/wp\/v2\/types\/page"}],"author":[{"embeddable":true,"href":"https:\/\/kaendz.com\/ar\/wp-json\/wp\/v2\/users\/1"}],"replies":[{"embeddable":true,"href":"https:\/\/kaendz.com\/ar\/wp-json\/wp\/v2\/comments?post=4400"}],"version-history":[{"count":23,"href":"https:\/\/kaendz.com\/ar\/wp-json\/wp\/v2\/pages\/4400\/revisions"}],"predecessor-version":[{"id":18273,"href":"https:\/\/kaendz.com\/ar\/wp-json\/wp\/v2\/pages\/4400\/revisions\/18273"}],"wp:attachment":[{"href":"https:\/\/kaendz.com\/ar\/wp-json\/wp\/v2\/media?parent=4400"}],"curies":[{"name":"wp","href":"https:\/\/api.w.org\/{rel}","templated":true}]}}