{"id":15930,"date":"2023-10-19T20:45:48","date_gmt":"2023-10-19T18:45:48","guid":{"rendered":"https:\/\/kaendz.com\/?page_id=15930"},"modified":"2023-11-09T22:30:00","modified_gmt":"2023-11-09T21:30:00","slug":"vente-en-gros","status":"publish","type":"page","link":"https:\/\/kaendz.com\/ar\/vente-en-gros\/","title":{"rendered":"\u0628\u064a\u0639 \u0628\u0627\u0644\u062c\u0645\u0644\u0629"},"content":{"rendered":"<div data-elementor-type=\"wp-page\" data-elementor-id=\"15930\" class=\"elementor elementor-15930\">\n\t\t\t\t<div class=\"elementor-element elementor-element-4a860fe e-flex e-con-boxed e-con e-parent\" data-id=\"4a860fe\" data-element_type=\"container\">\n\t\t\t\t\t<div class=\"e-con-inner\">\n\t\t\t\t<div class=\"elementor-element elementor-element-bea6feb elementor-widget__width-inherit elementor-widget elementor-widget-wpforms\" data-id=\"bea6feb\" data-element_type=\"widget\" data-widget_type=\"wpforms.default\">\n\t\t\t\t<div class=\"elementor-widget-container\">\n\t\t\t<style id=\"wpforms-css-vars-root\">\n\t\t\t\t:root {\n\t\t\t\t\t--wpforms-field-border-radius: 3px;\n--wpforms-field-background-color: #ffffff;\n--wpforms-field-border-color: rgba( 0, 0, 0, 0.25 );\n--wpforms-field-text-color: rgba( 0, 0, 0, 0.7 );\n--wpforms-label-color: rgba( 0, 0, 0, 0.85 );\n--wpforms-label-sublabel-color: rgba( 0, 0, 0, 0.55 );\n--wpforms-label-error-color: #d63637;\n--wpforms-button-border-radius: 3px;\n--wpforms-button-background-color: #066aab;\n--wpforms-button-text-color: #ffffff;\n--wpforms-field-size-input-height: 43px;\n--wpforms-field-size-input-spacing: 15px;\n--wpforms-field-size-font-size: 16px;\n--wpforms-field-size-line-height: 19px;\n--wpforms-field-size-padding-h: 14px;\n--wpforms-field-size-checkbox-size: 16px;\n--wpforms-field-size-sublabel-spacing: 5px;\n--wpforms-field-size-icon-size: 1;\n--wpforms-label-size-font-size: 16px;\n--wpforms-label-size-line-height: 19px;\n--wpforms-label-size-sublabel-font-size: 14px;\n--wpforms-label-size-sublabel-line-height: 17px;\n--wpforms-button-size-font-size: 17px;\n--wpforms-button-size-height: 41px;\n--wpforms-button-size-padding-h: 15px;\n--wpforms-button-size-margin-top: 10px;\n\n\t\t\t\t}\n\t\t\t<\/style><style id=\"wpforms-css-vars-elementor-widget-bea6feb\">\n\t\t\t\t.elementor-widget-wpforms.elementor-element-bea6feb {\n\t\t\t\t\t--wpforms-field-size-input-height: 43px;\n--wpforms-field-size-input-spacing: 15px;\n--wpforms-field-size-font-size: 16px;\n--wpforms-field-size-line-height: 19px;\n--wpforms-field-size-padding-h: 14px;\n--wpforms-field-size-checkbox-size: 16px;\n--wpforms-field-size-sublabel-spacing: 5px;\n--wpforms-field-size-icon-size: 1;\n--wpforms-label-size-font-size: 16px;\n--wpforms-label-size-line-height: 19px;\n--wpforms-label-size-sublabel-font-size: 14px;\n--wpforms-label-size-sublabel-line-height: 17px;\n--wpforms-button-size-font-size: 17px;\n--wpforms-button-size-height: 41px;\n--wpforms-button-size-padding-h: 15px;\n--wpforms-button-size-margin-top: 10px;\n\n\t\t\t\t}\n\t\t\t<\/style><div class=\"wpforms-container wpforms-container-full wpforms-render-modern\" id=\"wpforms-15945\"><form id=\"wpforms-form-15945\" class=\"wpforms-validate wpforms-form wpforms-ajax-form\" data-formid=\"15945\" method=\"post\" enctype=\"multipart\/form-data\" action=\"\/wp-json\/wp\/v2\/pages\/15930\" data-token=\"c5a377d9825998ee13a4ac5bc4201334\" data-trp-original-action=\"\/ar\/wp-json\/wp\/v2\/pages\/15930\"><noscript class=\"wpforms-error-noscript\">Please enable JavaScript in your browser to complete this form.<\/noscript><div class=\"wpforms-hidden\" id=\"wpforms-error-noscript\">Please enable JavaScript in your browser to complete this form.<\/div><div class=\"wpforms-field-container\"><div id=\"wpforms-15945-field_7-container\" class=\"wpforms-field wpforms-field-payment-checkbox column-count 4 wpforms-list-3-columns wpforms-conditional-trigger\" data-field-id=\"7\"><fieldset><legend class=\"wpforms-field-label wpforms-label-hide\" aria-hidden=\"false\">S\u00c9LECTIONNEZ VOS ARTICLES !<\/legend><ul id=\"wpforms-15945-field_7\" class=\"wpforms-image-choices wpforms-image-choices-modern\"><li class=\"choice-1 wpforms-image-choices-item\"><label class=\"wpforms-field-label-inline\" for=\"wpforms-15945-field_7_1\"><span class=\"wpforms-image-choices-image\"><img decoding=\"async\" src=\"https:\/\/kaendz.com\/wp-content\/uploads\/2021\/08\/Kn-3.png\" alt=\"Ensemble\" title=\"\u0645\u062c\u0645\u0648\u0639\u0629\"><\/span><input type=\"checkbox\" id=\"wpforms-15945-field_7_1\" class=\"wpforms-payment-price wpforms-screen-reader-element\" data-amount=\"0.00\" name=\"wpforms[fields][7][]\" value=\"1\" aria-errormessage=\"wpforms-15945-field_7_1-error\"  ><span class=\"wpforms-image-choices-label\">\u0645\u062c\u0645\u0648\u0639\u0629<\/span><\/label><\/li><li class=\"choice-2 wpforms-image-choices-item\"><label class=\"wpforms-field-label-inline\" for=\"wpforms-15945-field_7_2\"><span class=\"wpforms-image-choices-image\"><img decoding=\"async\" src=\"https:\/\/kaendz.com\/wp-content\/uploads\/2021\/08\/Kn-5.png\" alt=\"Ensemble\" title=\"\u0645\u062c\u0645\u0648\u0639\u0629\"><\/span><input type=\"checkbox\" id=\"wpforms-15945-field_7_2\" class=\"wpforms-payment-price wpforms-screen-reader-element\" data-amount=\"0.00\" name=\"wpforms[fields][7][]\" value=\"2\" aria-errormessage=\"wpforms-15945-field_7_2-error\"  ><span class=\"wpforms-image-choices-label\">\u0645\u062c\u0645\u0648\u0639\u0629<\/span><\/label><\/li><li class=\"choice-3 wpforms-image-choices-item\"><label class=\"wpforms-field-label-inline\" for=\"wpforms-15945-field_7_3\"><span class=\"wpforms-image-choices-image\"><img decoding=\"async\" src=\"https:\/\/kaendz.com\/wp-content\/uploads\/2023\/12\/Kn-16.png\" alt=\"Hijab en cr\u00eape\" title=\"Hijab en cr\u00eape\"><\/span><input type=\"checkbox\" id=\"wpforms-15945-field_7_3\" class=\"wpforms-payment-price wpforms-screen-reader-element\" data-amount=\"0.00\" name=\"wpforms[fields][7][]\" value=\"3\" aria-errormessage=\"wpforms-15945-field_7_3-error\"  ><span class=\"wpforms-image-choices-label\">Hijab en cr\u00eape<\/span><\/label><\/li><li class=\"choice-4 wpforms-image-choices-item\"><label class=\"wpforms-field-label-inline\" for=\"wpforms-15945-field_7_4\"><span class=\"wpforms-image-choices-image\"><img decoding=\"async\" src=\"https:\/\/kaendz.com\/wp-content\/uploads\/2023\/12\/Kn-9.png\" alt=\"Hijab en cr\u00eape\" title=\"Hijab en cr\u00eape\"><\/span><input type=\"checkbox\" id=\"wpforms-15945-field_7_4\" class=\"wpforms-payment-price wpforms-screen-reader-element\" data-amount=\"0.00\" name=\"wpforms[fields][7][]\" value=\"4\" aria-errormessage=\"wpforms-15945-field_7_4-error\"  ><span class=\"wpforms-image-choices-label\">Hijab en cr\u00eape<\/span><\/label><\/li><li class=\"choice-5 wpforms-image-choices-item\"><label class=\"wpforms-field-label-inline\" for=\"wpforms-15945-field_7_5\"><span class=\"wpforms-image-choices-image\"><img decoding=\"async\" src=\"https:\/\/kaendz.com\/wp-content\/uploads\/2023\/12\/Kn-13.png\" alt=\"Hijab en cr\u00eape\" title=\"Hijab en cr\u00eape\"><\/span><input type=\"checkbox\" id=\"wpforms-15945-field_7_5\" class=\"wpforms-payment-price wpforms-screen-reader-element\" data-amount=\"0.00\" name=\"wpforms[fields][7][]\" value=\"5\" aria-errormessage=\"wpforms-15945-field_7_5-error\"  ><span class=\"wpforms-image-choices-label\">Hijab en cr\u00eape<\/span><\/label><\/li><li class=\"choice-6 wpforms-image-choices-item\"><label class=\"wpforms-field-label-inline\" for=\"wpforms-15945-field_7_6\"><span class=\"wpforms-image-choices-image\"><img decoding=\"async\" src=\"https:\/\/kaendz.com\/wp-content\/uploads\/2021\/08\/Kn-35.png\" alt=\"Hijab en cr\u00eape\" title=\"Hijab en cr\u00eape\"><\/span><input type=\"checkbox\" id=\"wpforms-15945-field_7_6\" class=\"wpforms-payment-price wpforms-screen-reader-element\" data-amount=\"0.00\" name=\"wpforms[fields][7][]\" value=\"6\" aria-errormessage=\"wpforms-15945-field_7_6-error\"  ><span class=\"wpforms-image-choices-label\">Hijab en cr\u00eape<\/span><\/label><\/li><li class=\"choice-7 wpforms-image-choices-item\"><label class=\"wpforms-field-label-inline\" for=\"wpforms-15945-field_7_7\"><span class=\"wpforms-image-choices-image\"><img decoding=\"async\" src=\"https:\/\/kaendz.com\/wp-content\/uploads\/2023\/12\/Kn-11.png\" alt=\"Hijab en cr\u00eape\" title=\"Hijab en cr\u00eape\"><\/span><input type=\"checkbox\" id=\"wpforms-15945-field_7_7\" class=\"wpforms-payment-price wpforms-screen-reader-element\" data-amount=\"0.00\" name=\"wpforms[fields][7][]\" value=\"7\" aria-errormessage=\"wpforms-15945-field_7_7-error\"  ><span class=\"wpforms-image-choices-label\">Hijab en cr\u00eape<\/span><\/label><\/li><li class=\"choice-8 wpforms-image-choices-item\"><label class=\"wpforms-field-label-inline\" for=\"wpforms-15945-field_7_8\"><span class=\"wpforms-image-choices-image\"><img decoding=\"async\" src=\"https:\/\/kaendz.com\/wp-content\/uploads\/2021\/08\/Kn-36.png\" alt=\"Hijab en cr\u00eape\" title=\"Hijab en cr\u00eape\"><\/span><input type=\"checkbox\" id=\"wpforms-15945-field_7_8\" class=\"wpforms-payment-price wpforms-screen-reader-element\" data-amount=\"0.00\" name=\"wpforms[fields][7][]\" value=\"8\" aria-errormessage=\"wpforms-15945-field_7_8-error\"  ><span class=\"wpforms-image-choices-label\">Hijab en cr\u00eape<\/span><\/label><\/li><li class=\"choice-9 wpforms-image-choices-item\"><label class=\"wpforms-field-label-inline\" for=\"wpforms-15945-field_7_9\"><span class=\"wpforms-image-choices-image\"><img decoding=\"async\" src=\"https:\/\/kaendz.com\/wp-content\/uploads\/2021\/08\/Kn-38.png\" alt=\"Manteau en cachemire\" title=\"Manteau en cachemire\"><\/span><input type=\"checkbox\" id=\"wpforms-15945-field_7_9\" class=\"wpforms-payment-price wpforms-screen-reader-element\" data-amount=\"0.00\" name=\"wpforms[fields][7][]\" value=\"9\" aria-errormessage=\"wpforms-15945-field_7_9-error\"  ><span class=\"wpforms-image-choices-label\">Manteau en cachemire<\/span><\/label><\/li><li class=\"choice-10 wpforms-image-choices-item\"><label class=\"wpforms-field-label-inline\" for=\"wpforms-15945-field_7_10\"><span class=\"wpforms-image-choices-image\"><img decoding=\"async\" src=\"https:\/\/kaendz.com\/wp-content\/uploads\/2021\/08\/Kn-40.png\" alt=\"Manteau noir\" title=\"Manteau noir\"><\/span><input type=\"checkbox\" id=\"wpforms-15945-field_7_10\" class=\"wpforms-payment-price wpforms-screen-reader-element\" data-amount=\"0.00\" name=\"wpforms[fields][7][]\" value=\"10\" aria-errormessage=\"wpforms-15945-field_7_10-error\"  ><span class=\"wpforms-image-choices-label\">Manteau noir<\/span><\/label><\/li><\/ul><\/fieldset><\/div><div id=\"wpforms-15945-field_22-container\" class=\"wpforms-field wpforms-field-checkbox wpforms-list-inline wpforms-conditional-field wpforms-conditional-show wpforms-conditional-trigger\" data-field-id=\"22\" style=\"display:none;\"><fieldset><legend class=\"wpforms-field-label\">\u0645\u0642\u0627\u0633 <span class=\"wpforms-required-label\" aria-hidden=\"true\">*<\/span><\/legend><ul id=\"wpforms-15945-field_22\" class=\"wpforms-field-required\"><li class=\"choice-4 depth-1\"><input type=\"checkbox\" id=\"wpforms-15945-field_22_4\" name=\"wpforms[fields][22][]\" value=\"STANDARD\" aria-errormessage=\"wpforms-15945-field_22_4-error\" required><label class=\"wpforms-field-label-inline\" for=\"wpforms-15945-field_22_4\">STANDARD<\/label><\/li><li class=\"choice-1 depth-1\"><input type=\"checkbox\" id=\"wpforms-15945-field_22_1\" name=\"wpforms[fields][22][]\" value=\"36\/38\/40\" aria-errormessage=\"wpforms-15945-field_22_1-error\" required><label class=\"wpforms-field-label-inline\" for=\"wpforms-15945-field_22_1\">36\/38\/40<\/label><\/li><li class=\"choice-2 depth-1\"><input type=\"checkbox\" id=\"wpforms-15945-field_22_2\" name=\"wpforms[fields][22][]\" value=\"42\/44\/46\" aria-errormessage=\"wpforms-15945-field_22_2-error\" required><label class=\"wpforms-field-label-inline\" for=\"wpforms-15945-field_22_2\">42\/44\/46<\/label><\/li><li class=\"choice-3 depth-1\"><input type=\"checkbox\" id=\"wpforms-15945-field_22_3\" name=\"wpforms[fields][22][]\" value=\"48\/50\/52\" aria-errormessage=\"wpforms-15945-field_22_3-error\" required><label class=\"wpforms-field-label-inline\" for=\"wpforms-15945-field_22_3\">48\/50\/52<\/label><\/li><\/ul><\/fieldset><\/div><div id=\"wpforms-15945-field_9-container\" class=\"wpforms-field wpforms-field-select wpforms-conditional-field wpforms-conditional-show wpforms-field-select-style-classic\" data-field-id=\"9\" style=\"display:none;\"><label class=\"wpforms-field-label\" for=\"wpforms-15945-field_9\">\u0643\u0645\u064a\u0629 <span class=\"wpforms-required-label\" aria-hidden=\"true\">*<\/span><\/label><select id=\"wpforms-15945-field_9\" class=\"wpforms-field-large wpforms-field-required\" name=\"wpforms[fields][9]\" required=\"required\"><option value=\"1-15 pi\u00e8ces\" >1-15 pi\u00e8ces<\/option><option value=\"1-30 pi\u00e8ces\" >1-30 pi\u00e8ces<\/option><option value=\"1-50 pi\u00e8ces\" >1-50 pi\u00e8ces<\/option><option value=\"1-70 pi\u00e8ces\" >1-70 pi\u00e8ces<\/option><option value=\"1-100 pi\u00e8ces\" >1-100 pi\u00e8ces<\/option><\/select><\/div><div id=\"wpforms-15945-field_0-container\" class=\"wpforms-field wpforms-field-name\" data-field-id=\"0\"><fieldset><legend class=\"wpforms-field-label\">\u200f\u0627\u0644\u0627\u0633\u0645 \u0648\u0627\u0644\u0644\u0642\u0628 <span class=\"wpforms-required-label\" aria-hidden=\"true\">*<\/span><\/legend><div class=\"wpforms-field-row wpforms-field-large\"><div class=\"wpforms-field-row-block wpforms-first wpforms-one-half\"><input type=\"text\" id=\"wpforms-15945-field_0\" class=\"wpforms-field-name-first wpforms-field-required\" name=\"wpforms[fields][0][first]\" aria-errormessage=\"wpforms-15945-field_0-error\" required><label for=\"wpforms-15945-field_0\" class=\"wpforms-field-sublabel after\">First<\/label><\/div><div class=\"wpforms-field-row-block wpforms-one-half\"><input type=\"text\" id=\"wpforms-15945-field_0-last\" class=\"wpforms-field-name-last wpforms-field-required\" name=\"wpforms[fields][0][last]\" aria-errormessage=\"wpforms-15945-field_0-last-error\" required><label for=\"wpforms-15945-field_0-last\" class=\"wpforms-field-sublabel after\">Last<\/label><\/div><\/div><\/fieldset><\/div><div id=\"wpforms-15945-field_23-container\" class=\"wpforms-field wpforms-field-phone\" data-field-id=\"23\"><label class=\"wpforms-field-label\" for=\"wpforms-15945-field_23\">\u0647\u0627\u062a\u0641 <span class=\"wpforms-required-label\" aria-hidden=\"true\">*<\/span><\/label><input type=\"tel\" id=\"wpforms-15945-field_23\" class=\"wpforms-field-large wpforms-field-required wpforms-smart-phone-field\" data-rule-smart-phone-field=\"true\" name=\"wpforms[fields][23]\" aria-errormessage=\"wpforms-15945-field_23-error\" required><\/div><div id=\"wpforms-15945-field_1-container\" class=\"wpforms-field wpforms-field-email\" data-field-id=\"1\"><label class=\"wpforms-field-label\" for=\"wpforms-15945-field_1\">\u0628\u0631\u064a\u062f \u0625\u0644\u0643\u062a\u0631\u0648\u0646\u064a <span class=\"wpforms-required-label\" aria-hidden=\"true\">*<\/span><\/label><input type=\"email\" id=\"wpforms-15945-field_1\" class=\"wpforms-field-large wpforms-field-required\" name=\"wpforms[fields][1]\" spellcheck=\"false\" aria-errormessage=\"wpforms-15945-field_1-error\" required><\/div><div id=\"wpforms-15945-field_2-container\" class=\"wpforms-field wpforms-field-textarea\" data-field-id=\"2\"><label class=\"wpforms-field-label\" for=\"wpforms-15945-field_2\">\u062a\u0639\u0644\u064a\u0642 \u0623\u0648 \u0631\u0633\u0627\u0644\u0629<\/label><textarea id=\"wpforms-15945-field_2\" class=\"wpforms-field-medium\" name=\"wpforms[fields][2]\" aria-errormessage=\"wpforms-15945-field_2-error\" ><\/textarea><\/div><\/div><!-- .wpforms-field-container --><div class=\"wpforms-submit-container\" ><input type=\"hidden\" name=\"wpforms[id]\" value=\"15945\"><input type=\"hidden\" name=\"wpforms[author]\" value=\"1\"><button type=\"submit\" name=\"wpforms[submit]\" id=\"wpforms-submit-15945\" class=\"wpforms-submit\" data-alt-text=\"Envoi...\" data-submit-text=\"Envoyer\" aria-live=\"assertive\" value=\"wpforms-submit\">\u200f\u0627\u0631\u0633\u0644<\/button><img decoding=\"async\" src=\"https:\/\/kaendz.com\/wp-content\/plugins\/wpforms\/assets\/images\/submit-spin.svg\" class=\"wpforms-submit-spinner\" style=\"display: none;\" width=\"26\" height=\"26\" alt=\"Loading\"><\/div><input type=\"hidden\" name=\"trp-form-language\" value=\"ar\"\/><\/form><\/div>  <!-- .wpforms-container -->\t\t<\/div>\n\t\t\t\t<\/div>\n\t\t\t\t\t<\/div>\n\t\t\t\t<\/div>\n\t\t\t\t<\/div>","protected":false},"excerpt":{"rendered":"<p>Veuillez activer JavaScript dans votre navigateur pour remplir ce formulaire.Veuillez activer JavaScript dans votre navigateur pour remplir ce formulaire. Article<\/p>","protected":false},"author":1,"featured_media":0,"parent":0,"menu_order":0,"comment_status":"closed","ping_status":"closed","template":"","meta":{"footnotes":""},"class_list":["post-15930","page","type-page","status-publish","hentry"],"yoast_head":"<!-- This site is optimized with the Yoast SEO plugin v23.6 - https:\/\/yoast.com\/wordpress\/plugins\/seo\/ -->\n<title>Vente en gros - KAEN<\/title>\n<meta name=\"description\" content=\"D\u00e9couvrez notre solution de Vente en gros de produits de qualit\u00e9 sup\u00e9rieure pour r\u00e9pondre aux besoins de votre entreprise\" \/>\n<meta name=\"robots\" content=\"index, follow, max-snippet:-1, max-image-preview:large, max-video-preview:-1\" \/>\n<link rel=\"canonical\" href=\"https:\/\/kaendz.com\/ar\/vente-en-gros\/\" \/>\n<meta property=\"og:locale\" content=\"ar_AR\" \/>\n<meta property=\"og:type\" content=\"article\" \/>\n<meta property=\"og:title\" content=\"Vente en gros - KAEN\" \/>\n<meta property=\"og:description\" content=\"D\u00e9couvrez notre solution de Vente en gros de produits de qualit\u00e9 sup\u00e9rieure pour r\u00e9pondre aux besoins de votre entreprise\" \/>\n<meta property=\"og:url\" content=\"https:\/\/kaendz.com\/ar\/vente-en-gros\/\" \/>\n<meta property=\"og:site_name\" content=\"KAEN\" \/>\n<meta property=\"article:publisher\" content=\"https:\/\/www.facebook.com\/lateulierkn\/\" \/>\n<meta property=\"article:modified_time\" content=\"2023-11-09T21:30:00+00:00\" \/>\n<meta property=\"og:image\" content=\"https:\/\/kaendz.com\/wp-content\/uploads\/2021\/10\/fashion-product-9.jpg\" \/>\n<meta name=\"twitter:card\" content=\"summary_large_image\" \/>\n<meta name=\"twitter:label1\" content=\"\u0648\u0642\u062a \u0627\u0644\u0642\u0631\u0627\u0621\u0629 \u0627\u0644\u0645\u064f\u0642\u062f\u0651\u0631\" \/>\n\t<meta name=\"twitter:data1\" content=\"\u062f\u0642\u064a\u0642\u0629 \u0648\u0627\u062d\u062f\u0629\" \/>\n<script type=\"application\/ld+json\" class=\"yoast-schema-graph\">{\"@context\":\"https:\/\/schema.org\",\"@graph\":[{\"@type\":\"WebPage\",\"@id\":\"https:\/\/kaendz.com\/vente-en-gros\/\",\"url\":\"https:\/\/kaendz.com\/vente-en-gros\/\",\"name\":\"Vente en gros - KAEN\",\"isPartOf\":{\"@id\":\"https:\/\/kaendz.com\/#website\"},\"primaryImageOfPage\":{\"@id\":\"https:\/\/kaendz.com\/vente-en-gros\/#primaryimage\"},\"image\":{\"@id\":\"https:\/\/kaendz.com\/vente-en-gros\/#primaryimage\"},\"thumbnailUrl\":\"https:\/\/kaendz.com\/wp-content\/uploads\/2021\/10\/fashion-product-9.jpg\",\"datePublished\":\"2023-10-19T18:45:48+00:00\",\"dateModified\":\"2023-11-09T21:30:00+00:00\",\"description\":\"D\u00e9couvrez notre solution de Vente en gros de produits de qualit\u00e9 sup\u00e9rieure pour r\u00e9pondre aux besoins de votre entreprise\",\"breadcrumb\":{\"@id\":\"https:\/\/kaendz.com\/vente-en-gros\/#breadcrumb\"},\"inLanguage\":\"ar\",\"potentialAction\":[{\"@type\":\"ReadAction\",\"target\":[\"https:\/\/kaendz.com\/vente-en-gros\/\"]}]},{\"@type\":\"ImageObject\",\"inLanguage\":\"ar\",\"@id\":\"https:\/\/kaendz.com\/vente-en-gros\/#primaryimage\",\"url\":\"https:\/\/kaendz.com\/wp-content\/uploads\/2021\/10\/fashion-product-9.jpg\",\"contentUrl\":\"https:\/\/kaendz.com\/wp-content\/uploads\/2021\/10\/fashion-product-9.jpg\"},{\"@type\":\"BreadcrumbList\",\"@id\":\"https:\/\/kaendz.com\/vente-en-gros\/#breadcrumb\",\"itemListElement\":[{\"@type\":\"ListItem\",\"position\":1,\"name\":\"Accueil\",\"item\":\"https:\/\/kaendz.com\/\"},{\"@type\":\"ListItem\",\"position\":2,\"name\":\"Vente en gros\"}]},{\"@type\":\"WebSite\",\"@id\":\"https:\/\/kaendz.com\/#website\",\"url\":\"https:\/\/kaendz.com\/\",\"name\":\"KAEN\",\"description\":\"BOUTIQUE OFFICIELLE\",\"publisher\":{\"@id\":\"https:\/\/kaendz.com\/#organization\"},\"alternateName\":\"KAEN\",\"potentialAction\":[{\"@type\":\"SearchAction\",\"target\":{\"@type\":\"EntryPoint\",\"urlTemplate\":\"https:\/\/kaendz.com\/?s={search_term_string}\"},\"query-input\":{\"@type\":\"PropertyValueSpecification\",\"valueRequired\":true,\"valueName\":\"search_term_string\"}}],\"inLanguage\":\"ar\"},{\"@type\":\"Organization\",\"@id\":\"https:\/\/kaendz.com\/#organization\",\"name\":\"KAEN\",\"alternateName\":\"KAEN\",\"url\":\"https:\/\/kaendz.com\/\",\"logo\":{\"@type\":\"ImageObject\",\"inLanguage\":\"ar\",\"@id\":\"https:\/\/kaendz.com\/#\/schema\/logo\/image\/\",\"url\":\"https:\/\/kaendz.com\/wp-content\/uploads\/2024\/10\/Blue-White-Gradient-Modern-Minimalist-Before-After-Dental-Clinic-Service-Treatment-Instagram-Post.png\",\"contentUrl\":\"https:\/\/kaendz.com\/wp-content\/uploads\/2024\/10\/Blue-White-Gradient-Modern-Minimalist-Before-After-Dental-Clinic-Service-Treatment-Instagram-Post.png\",\"width\":1080,\"height\":1080,\"caption\":\"KAEN\"},\"image\":{\"@id\":\"https:\/\/kaendz.com\/#\/schema\/logo\/image\/\"},\"sameAs\":[\"https:\/\/www.facebook.com\/lateulierkn\/\",\"https:\/\/www.instagram.com\/lateulier_kn_dz\/\",\"https:\/\/www.tiktok.com\/discover\/lateulier-kn?lang=fr\"]}]}<\/script>\n<!-- \/ Yoast SEO plugin. -->","yoast_head_json":{"title":"Vente en gros - KAEN","description":"D\u00e9couvrez notre solution de Vente en gros de produits de qualit\u00e9 sup\u00e9rieure pour r\u00e9pondre aux besoins de votre entreprise","robots":{"index":"index","follow":"follow","max-snippet":"max-snippet:-1","max-image-preview":"max-image-preview:large","max-video-preview":"max-video-preview:-1"},"canonical":"https:\/\/kaendz.com\/ar\/vente-en-gros\/","og_locale":"ar_AR","og_type":"article","og_title":"Vente en gros - KAEN","og_description":"D\u00e9couvrez notre solution de Vente en gros de produits de qualit\u00e9 sup\u00e9rieure pour r\u00e9pondre aux besoins de votre entreprise","og_url":"https:\/\/kaendz.com\/ar\/vente-en-gros\/","og_site_name":"KAEN","article_publisher":"https:\/\/www.facebook.com\/lateulierkn\/","article_modified_time":"2023-11-09T21:30:00+00:00","og_image":[{"url":"https:\/\/kaendz.com\/wp-content\/uploads\/2021\/10\/fashion-product-9.jpg"}],"twitter_card":"summary_large_image","twitter_misc":{"\u0648\u0642\u062a \u0627\u0644\u0642\u0631\u0627\u0621\u0629 \u0627\u0644\u0645\u064f\u0642\u062f\u0651\u0631":"\u062f\u0642\u064a\u0642\u0629 \u0648\u0627\u062d\u062f\u0629"},"schema":{"@context":"https:\/\/schema.org","@graph":[{"@type":"WebPage","@id":"https:\/\/kaendz.com\/vente-en-gros\/","url":"https:\/\/kaendz.com\/vente-en-gros\/","name":"Vente en gros - KAEN","isPartOf":{"@id":"https:\/\/kaendz.com\/#website"},"primaryImageOfPage":{"@id":"https:\/\/kaendz.com\/vente-en-gros\/#primaryimage"},"image":{"@id":"https:\/\/kaendz.com\/vente-en-gros\/#primaryimage"},"thumbnailUrl":"https:\/\/kaendz.com\/wp-content\/uploads\/2021\/10\/fashion-product-9.jpg","datePublished":"2023-10-19T18:45:48+00:00","dateModified":"2023-11-09T21:30:00+00:00","description":"D\u00e9couvrez notre solution de Vente en gros de produits de qualit\u00e9 sup\u00e9rieure pour r\u00e9pondre aux besoins de votre entreprise","breadcrumb":{"@id":"https:\/\/kaendz.com\/vente-en-gros\/#breadcrumb"},"inLanguage":"ar","potentialAction":[{"@type":"ReadAction","target":["https:\/\/kaendz.com\/vente-en-gros\/"]}]},{"@type":"ImageObject","inLanguage":"ar","@id":"https:\/\/kaendz.com\/vente-en-gros\/#primaryimage","url":"https:\/\/kaendz.com\/wp-content\/uploads\/2021\/10\/fashion-product-9.jpg","contentUrl":"https:\/\/kaendz.com\/wp-content\/uploads\/2021\/10\/fashion-product-9.jpg"},{"@type":"BreadcrumbList","@id":"https:\/\/kaendz.com\/vente-en-gros\/#breadcrumb","itemListElement":[{"@type":"ListItem","position":1,"name":"Accueil","item":"https:\/\/kaendz.com\/"},{"@type":"ListItem","position":2,"name":"Vente en gros"}]},{"@type":"WebSite","@id":"https:\/\/kaendz.com\/#website","url":"https:\/\/kaendz.com\/","name":"KAEN","description":"BOUTIQUE OFFICIELLE","publisher":{"@id":"https:\/\/kaendz.com\/#organization"},"alternateName":"KAEN","potentialAction":[{"@type":"SearchAction","target":{"@type":"EntryPoint","urlTemplate":"https:\/\/kaendz.com\/?s={search_term_string}"},"query-input":{"@type":"PropertyValueSpecification","valueRequired":true,"valueName":"search_term_string"}}],"inLanguage":"ar"},{"@type":"Organization","@id":"https:\/\/kaendz.com\/#organization","name":"KAEN","alternateName":"KAEN","url":"https:\/\/kaendz.com\/","logo":{"@type":"ImageObject","inLanguage":"ar","@id":"https:\/\/kaendz.com\/#\/schema\/logo\/image\/","url":"https:\/\/kaendz.com\/wp-content\/uploads\/2024\/10\/Blue-White-Gradient-Modern-Minimalist-Before-After-Dental-Clinic-Service-Treatment-Instagram-Post.png","contentUrl":"https:\/\/kaendz.com\/wp-content\/uploads\/2024\/10\/Blue-White-Gradient-Modern-Minimalist-Before-After-Dental-Clinic-Service-Treatment-Instagram-Post.png","width":1080,"height":1080,"caption":"KAEN"},"image":{"@id":"https:\/\/kaendz.com\/#\/schema\/logo\/image\/"},"sameAs":["https:\/\/www.facebook.com\/lateulierkn\/","https:\/\/www.instagram.com\/lateulier_kn_dz\/","https:\/\/www.tiktok.com\/discover\/lateulier-kn?lang=fr"]}]}},"_links":{"self":[{"href":"https:\/\/kaendz.com\/ar\/wp-json\/wp\/v2\/pages\/15930"}],"collection":[{"href":"https:\/\/kaendz.com\/ar\/wp-json\/wp\/v2\/pages"}],"about":[{"href":"https:\/\/kaendz.com\/ar\/wp-json\/wp\/v2\/types\/page"}],"author":[{"embeddable":true,"href":"https:\/\/kaendz.com\/ar\/wp-json\/wp\/v2\/users\/1"}],"replies":[{"embeddable":true,"href":"https:\/\/kaendz.com\/ar\/wp-json\/wp\/v2\/comments?post=15930"}],"version-history":[{"count":27,"href":"https:\/\/kaendz.com\/ar\/wp-json\/wp\/v2\/pages\/15930\/revisions"}],"predecessor-version":[{"id":16262,"href":"https:\/\/kaendz.com\/ar\/wp-json\/wp\/v2\/pages\/15930\/revisions\/16262"}],"wp:attachment":[{"href":"https:\/\/kaendz.com\/ar\/wp-json\/wp\/v2\/media?parent=15930"}],"curies":[{"name":"wp","href":"https:\/\/api.w.org\/{rel}","templated":true}]}}