{"id":10,"date":"2023-10-14T17:55:31","date_gmt":"2023-10-14T15:55:31","guid":{"rendered":"https:\/\/kaendz.com\/index.php\/panier\/"},"modified":"2023-11-02T03:21:06","modified_gmt":"2023-11-02T02:21:06","slug":"panier","status":"publish","type":"page","link":"https:\/\/kaendz.com\/ar\/panier\/","title":{"rendered":"Panier"},"content":{"rendered":"","protected":false},"excerpt":{"rendered":"","protected":false},"author":1,"featured_media":0,"parent":0,"menu_order":0,"comment_status":"closed","ping_status":"closed","template":"","meta":{"footnotes":""},"class_list":["post-10","page","type-page","status-publish","hentry"],"yoast_head":"<!-- This site is optimized with the Yoast SEO plugin v23.6 - https:\/\/yoast.com\/wordpress\/plugins\/seo\/ -->\n<title>Panier - LATEULIER KN<\/title>\n<meta name=\"description\" content=\"D\u00e9couvrez votre panier d&#039;achats, l&#039;endroit o\u00f9 vos r\u00eaves prennent forme. Notre page &#039;Panier&#039; l&#039;endroit o\u00f9 vous pouvez visualiser les produits\" \/>\n<meta name=\"robots\" content=\"index, follow, max-snippet:-1, max-image-preview:large, max-video-preview:-1\" \/>\n<link rel=\"canonical\" href=\"https:\/\/kaendz.com\/ar\/panier\/\" \/>\n<meta property=\"og:locale\" content=\"ar_AR\" \/>\n<meta property=\"og:type\" content=\"article\" \/>\n<meta property=\"og:title\" content=\"Panier - LATEULIER KN\" \/>\n<meta property=\"og:description\" content=\"D\u00e9couvrez votre panier d&#039;achats, l&#039;endroit o\u00f9 vos r\u00eaves prennent forme. Notre page &#039;Panier&#039; l&#039;endroit o\u00f9 vous pouvez visualiser les produits\" \/>\n<meta property=\"og:url\" content=\"https:\/\/kaendz.com\/ar\/panier\/\" \/>\n<meta property=\"og:site_name\" content=\"KAEN\" \/>\n<meta property=\"article:publisher\" content=\"https:\/\/www.facebook.com\/lateulierkn\/\" \/>\n<meta property=\"article:modified_time\" content=\"2023-11-02T02:21:06+00:00\" \/>\n<meta property=\"og:image\" content=\"https:\/\/kaendz.com\/wp-content\/uploads\/2024\/10\/IMG_6230.jpg\" \/>\n\t<meta property=\"og:image:width\" content=\"2048\" \/>\n\t<meta property=\"og:image:height\" content=\"1024\" \/>\n\t<meta property=\"og:image:type\" content=\"image\/jpeg\" \/>\n<meta name=\"twitter:card\" content=\"summary_large_image\" \/>\n<meta name=\"twitter:label1\" content=\"\u0648\u0642\u062a \u0627\u0644\u0642\u0631\u0627\u0621\u0629 \u0627\u0644\u0645\u064f\u0642\u062f\u0651\u0631\" \/>\n\t<meta name=\"twitter:data1\" content=\"\u062f\u0642\u064a\u0642\u0629 \u0648\u0627\u062d\u062f\u0629\" \/>\n<script type=\"application\/ld+json\" class=\"yoast-schema-graph\">{\"@context\":\"https:\/\/schema.org\",\"@graph\":[{\"@type\":\"WebPage\",\"@id\":\"https:\/\/kaendz.com\/panier\/\",\"url\":\"https:\/\/kaendz.com\/panier\/\",\"name\":\"Panier - LATEULIER KN\",\"isPartOf\":{\"@id\":\"https:\/\/kaendz.com\/#website\"},\"datePublished\":\"2023-10-14T15:55:31+00:00\",\"dateModified\":\"2023-11-02T02:21:06+00:00\",\"description\":\"D\u00e9couvrez votre panier d'achats, l'endroit o\u00f9 vos r\u00eaves prennent forme. Notre page 'Panier' l'endroit o\u00f9 vous pouvez visualiser les produits\",\"breadcrumb\":{\"@id\":\"https:\/\/kaendz.com\/panier\/#breadcrumb\"},\"inLanguage\":\"ar\",\"potentialAction\":[{\"@type\":\"ReadAction\",\"target\":[\"https:\/\/kaendz.com\/panier\/\"]}]},{\"@type\":\"BreadcrumbList\",\"@id\":\"https:\/\/kaendz.com\/panier\/#breadcrumb\",\"itemListElement\":[{\"@type\":\"ListItem\",\"position\":1,\"name\":\"Accueil\",\"item\":\"https:\/\/kaendz.com\/\"},{\"@type\":\"ListItem\",\"position\":2,\"name\":\"Panier\"}]},{\"@type\":\"WebSite\",\"@id\":\"https:\/\/kaendz.com\/#website\",\"url\":\"https:\/\/kaendz.com\/\",\"name\":\"KAEN\",\"description\":\"BOUTIQUE OFFICIELLE\",\"publisher\":{\"@id\":\"https:\/\/kaendz.com\/#organization\"},\"alternateName\":\"KAEN\",\"potentialAction\":[{\"@type\":\"SearchAction\",\"target\":{\"@type\":\"EntryPoint\",\"urlTemplate\":\"https:\/\/kaendz.com\/?s={search_term_string}\"},\"query-input\":{\"@type\":\"PropertyValueSpecification\",\"valueRequired\":true,\"valueName\":\"search_term_string\"}}],\"inLanguage\":\"ar\"},{\"@type\":\"Organization\",\"@id\":\"https:\/\/kaendz.com\/#organization\",\"name\":\"KAEN\",\"alternateName\":\"KAEN\",\"url\":\"https:\/\/kaendz.com\/\",\"logo\":{\"@type\":\"ImageObject\",\"inLanguage\":\"ar\",\"@id\":\"https:\/\/kaendz.com\/#\/schema\/logo\/image\/\",\"url\":\"https:\/\/kaendz.com\/wp-content\/uploads\/2024\/10\/Blue-White-Gradient-Modern-Minimalist-Before-After-Dental-Clinic-Service-Treatment-Instagram-Post.png\",\"contentUrl\":\"https:\/\/kaendz.com\/wp-content\/uploads\/2024\/10\/Blue-White-Gradient-Modern-Minimalist-Before-After-Dental-Clinic-Service-Treatment-Instagram-Post.png\",\"width\":1080,\"height\":1080,\"caption\":\"KAEN\"},\"image\":{\"@id\":\"https:\/\/kaendz.com\/#\/schema\/logo\/image\/\"},\"sameAs\":[\"https:\/\/www.facebook.com\/lateulierkn\/\",\"https:\/\/www.instagram.com\/lateulier_kn_dz\/\",\"https:\/\/www.tiktok.com\/discover\/lateulier-kn?lang=fr\"]}]}<\/script>\n<!-- \/ Yoast SEO plugin. -->","yoast_head_json":{"title":"Panier - LATEULIER KN","description":"D\u00e9couvrez votre panier d'achats, l'endroit o\u00f9 vos r\u00eaves prennent forme. Notre page 'Panier' l'endroit o\u00f9 vous pouvez visualiser les produits","robots":{"index":"index","follow":"follow","max-snippet":"max-snippet:-1","max-image-preview":"max-image-preview:large","max-video-preview":"max-video-preview:-1"},"canonical":"https:\/\/kaendz.com\/ar\/panier\/","og_locale":"ar_AR","og_type":"article","og_title":"Panier - LATEULIER KN","og_description":"D\u00e9couvrez votre panier d'achats, l'endroit o\u00f9 vos r\u00eaves prennent forme. Notre page 'Panier' l'endroit o\u00f9 vous pouvez visualiser les produits","og_url":"https:\/\/kaendz.com\/ar\/panier\/","og_site_name":"KAEN","article_publisher":"https:\/\/www.facebook.com\/lateulierkn\/","article_modified_time":"2023-11-02T02:21:06+00:00","og_image":[{"width":2048,"height":1024,"url":"https:\/\/kaendz.com\/wp-content\/uploads\/2024\/10\/IMG_6230.jpg","type":"image\/jpeg"}],"twitter_card":"summary_large_image","twitter_misc":{"\u0648\u0642\u062a \u0627\u0644\u0642\u0631\u0627\u0621\u0629 \u0627\u0644\u0645\u064f\u0642\u062f\u0651\u0631":"\u062f\u0642\u064a\u0642\u0629 \u0648\u0627\u062d\u062f\u0629"},"schema":{"@context":"https:\/\/schema.org","@graph":[{"@type":"WebPage","@id":"https:\/\/kaendz.com\/panier\/","url":"https:\/\/kaendz.com\/panier\/","name":"Panier - LATEULIER KN","isPartOf":{"@id":"https:\/\/kaendz.com\/#website"},"datePublished":"2023-10-14T15:55:31+00:00","dateModified":"2023-11-02T02:21:06+00:00","description":"D\u00e9couvrez votre panier d'achats, l'endroit o\u00f9 vos r\u00eaves prennent forme. Notre page 'Panier' l'endroit o\u00f9 vous pouvez visualiser les produits","breadcrumb":{"@id":"https:\/\/kaendz.com\/panier\/#breadcrumb"},"inLanguage":"ar","potentialAction":[{"@type":"ReadAction","target":["https:\/\/kaendz.com\/panier\/"]}]},{"@type":"BreadcrumbList","@id":"https:\/\/kaendz.com\/panier\/#breadcrumb","itemListElement":[{"@type":"ListItem","position":1,"name":"Accueil","item":"https:\/\/kaendz.com\/"},{"@type":"ListItem","position":2,"name":"Panier"}]},{"@type":"WebSite","@id":"https:\/\/kaendz.com\/#website","url":"https:\/\/kaendz.com\/","name":"KAEN","description":"BOUTIQUE OFFICIELLE","publisher":{"@id":"https:\/\/kaendz.com\/#organization"},"alternateName":"KAEN","potentialAction":[{"@type":"SearchAction","target":{"@type":"EntryPoint","urlTemplate":"https:\/\/kaendz.com\/?s={search_term_string}"},"query-input":{"@type":"PropertyValueSpecification","valueRequired":true,"valueName":"search_term_string"}}],"inLanguage":"ar"},{"@type":"Organization","@id":"https:\/\/kaendz.com\/#organization","name":"KAEN","alternateName":"KAEN","url":"https:\/\/kaendz.com\/","logo":{"@type":"ImageObject","inLanguage":"ar","@id":"https:\/\/kaendz.com\/#\/schema\/logo\/image\/","url":"https:\/\/kaendz.com\/wp-content\/uploads\/2024\/10\/Blue-White-Gradient-Modern-Minimalist-Before-After-Dental-Clinic-Service-Treatment-Instagram-Post.png","contentUrl":"https:\/\/kaendz.com\/wp-content\/uploads\/2024\/10\/Blue-White-Gradient-Modern-Minimalist-Before-After-Dental-Clinic-Service-Treatment-Instagram-Post.png","width":1080,"height":1080,"caption":"KAEN"},"image":{"@id":"https:\/\/kaendz.com\/#\/schema\/logo\/image\/"},"sameAs":["https:\/\/www.facebook.com\/lateulierkn\/","https:\/\/www.instagram.com\/lateulier_kn_dz\/","https:\/\/www.tiktok.com\/discover\/lateulier-kn?lang=fr"]}]}},"_links":{"self":[{"href":"https:\/\/kaendz.com\/ar\/wp-json\/wp\/v2\/pages\/10"}],"collection":[{"href":"https:\/\/kaendz.com\/ar\/wp-json\/wp\/v2\/pages"}],"about":[{"href":"https:\/\/kaendz.com\/ar\/wp-json\/wp\/v2\/types\/page"}],"author":[{"embeddable":true,"href":"https:\/\/kaendz.com\/ar\/wp-json\/wp\/v2\/users\/1"}],"replies":[{"embeddable":true,"href":"https:\/\/kaendz.com\/ar\/wp-json\/wp\/v2\/comments?post=10"}],"version-history":[{"count":1,"href":"https:\/\/kaendz.com\/ar\/wp-json\/wp\/v2\/pages\/10\/revisions"}],"predecessor-version":[{"id":16164,"href":"https:\/\/kaendz.com\/ar\/wp-json\/wp\/v2\/pages\/10\/revisions\/16164"}],"wp:attachment":[{"href":"https:\/\/kaendz.com\/ar\/wp-json\/wp\/v2\/media?parent=10"}],"curies":[{"name":"wp","href":"https:\/\/api.w.org\/{rel}","templated":true}]}}